{"id":64,"date":"2026-03-23T10:28:04","date_gmt":"2026-03-23T09:28:04","guid":{"rendered":"https:\/\/appoladvies.nl\/?page_id=64"},"modified":"2026-04-01T19:09:40","modified_gmt":"2026-04-01T17:09:40","slug":"diensten","status":"publish","type":"page","link":"https:\/\/appoladvies.nl\/pl\/diensten\/","title":{"rendered":"Us\u0142ugi"},"content":{"rendered":"<div id=\"gap-332269414\" class=\"gap-element clearfix\" style=\"display:block; height:auto;\">\n\t\t\n<style>\n#gap-332269414 {\n  padding-top: 45px;\n}\n@media (min-width:550px) {\n  #gap-332269414 {\n    padding-top: 60px;\n  }\n}\n<\/style>\n\t<\/div>\n\t\n<div class=\"row\"  id=\"row-1582169293\">\n\n\t<div id=\"col-1484620518\" class=\"col medium-12 small-12 large-12\"  >\n\t\t\t\t<div class=\"col-inner\"  >\n\t\t\t\n\t\t\t\n\t<div id=\"text-3988873761\" class=\"text\">\n\t\t\n<h2> Us\u0142ugi <\/p>\n<\/h2>\n\t\t\n<style>\n#text-3988873761 {\n  font-size: 1.75rem;\n}\n@media (min-width:550px) {\n  #text-3988873761 {\n    font-size: 2rem;\n  }\n}\n@media (min-width:850px) {\n  #text-3988873761 {\n    font-size: 2.5rem;\n  }\n}\n<\/style>\n\t<\/div>\n\t\n\n<nav class=\"material-breadcrumb\"><a href=\"https:\/\/appoladvies.nl\/pl\/\" class=\"mb-item home-icon\">\n        <span class=\"material-icons\">home<\/span>\n    <\/a><span class=\"mb-sep\">\u203a<\/span><span class=\"mb-item current\">Us\u0142ugi<\/span><\/nav>\n\n\t<div id=\"gap-1684217169\" class=\"gap-element clearfix\" style=\"display:block; height:auto;\">\n\t\t\n<style>\n#gap-1684217169 {\n  padding-top: 30px;\n}\n<\/style>\n\t<\/div>\n\t\n<p>Tutaj znajdziesz nasze us\u0142ugi dla os\u00f3b prywatnych i przedsi\u0119biorc\u00f3w, w tym r\u00f3wnie\u017c wsparcie dla Polak\u00f3w i innych klient\u00f3w mi\u0119dzynarodowych. Pomagamy w sprawach administracyjnych, formularzach i wnioskach w Holandii oraz dbamy o to, aby wszystko by\u0142o za\u0142atwione poprawnie i na czas. Bez problem\u00f3w z trudnymi przepisami czy barier\u0105 j\u0119zykow\u0105 \u2013 wszystko robimy prosto i przejrzy\u015bcie. Dzi\u0119ki temu masz pewno\u015b\u0107, \u017ce wszystko jest dobrze za\u0142atwione.<\/p>\n\t\t<\/div>\n\t\t\t\t\n<style>\n#col-1484620518 > .col-inner {\n  padding: 0px 0px 0px 0px;\n}\n<\/style>\n\t<\/div>\n\n\t\n<\/div>\n\n\t<section class=\"section\" id=\"section_1730389134\">\n\t\t<div class=\"section-bg fill\" >\n\t\t\t\t\t\t\t\t\t\n\t\t\t\n\n\t\t<\/div>\n\n\t\t\n\n\t\t<div class=\"section-content relative\">\n\t\t\t\n\n\t<div id=\"gap-1433571027\" class=\"gap-element clearfix\" style=\"display:block; height:auto;\">\n\t\t\n<style>\n#gap-1433571027 {\n  padding-top: 30px;\n}\n@media (min-width:550px) {\n  #gap-1433571027 {\n    padding-top: 30px;\n  }\n}\n<\/style>\n\t<\/div>\n\t\n\n<div class=\"row row-collapse\"  id=\"row-684764099\">\n\n\n\t<div id=\"col-1878120576\" class=\"col small-12 large-12\"  >\n\t\t\t\t<div class=\"col-inner\"  >\n\t\t\t\n\t\t\t\n\n\n\n<div class=\"wbt-wrapper\">\r\n    <div class=\"wbt-divider\">\r\n        <div class=\"wbt-divider-line\"><\/div>\r\n        <div class=\"wbt-divider-dot\">\u25cf<\/div>\r\n        <div class=\"wbt-divider-line\"><\/div>\r\n    <\/div>\r\n<\/div>\n\n\n\t\t<\/div>\n\t\t\t\t\n<style>\n#col-1878120576 > .col-inner {\n  padding: 0px 15px 0px 15px;\n}\n@media (min-width:550px) {\n  #col-1878120576 > .col-inner {\n    padding: 0px 15px 0px 15px;\n  }\n}\n@media (min-width:850px) {\n  #col-1878120576 > .col-inner {\n    padding: 0px 15px 0px 15px;\n  }\n}\n<\/style>\n\t<\/div>\n\n\t\n\n<\/div>\n\n\t<div id=\"gap-932373553\" class=\"gap-element clearfix\" style=\"display:block; height:auto;\">\n\t\t\n<style>\n#gap-932373553 {\n  padding-top: 30px;\n}\n@media (min-width:550px) {\n  #gap-932373553 {\n    padding-top: 30px;\n  }\n}\n<\/style>\n\t<\/div>\n\t\n\n<div class=\"row\"  id=\"row-849467883\">\n\n\n\t<div id=\"col-863292307\" class=\"col ux-column medium-6 small-12 large-6\"  >\n\t\t\t\t<div class=\"col-inner box-shadow-4\"  data-parallax-fade=\"true\" data-parallax=\"1\">\n\t\t\t\n\t\t\t\n\n\t<div class=\"box has-hover brd-box  has-hover box-shadow-4 box-text-bottom\" >\n\n\t\t<div class=\"box-image\" >\n\t\t\t\t\t\t<div class=\"image-cover\" style=\"padding-top:56.25%;\">\n\t\t\t\t\t\t\t\t\t\t\t\t\t\t\t<\/div>\n\t\t\t\t\t<\/div>\n\n\t\t<div class=\"box-text text-left is-small\" style=\"background-color:rgb(255, 255, 255);padding:45px 30px 30px 30px;\">\n\t\t\t<div class=\"box-text-inner\">\n\t\t\t\t\n\n\t<div class=\"img has-hover x md-x lg-x y md-y lg-y\" id=\"image_1305403970\">\n\t\t\t\t\t\t\t\t<div class=\"img-inner dark\" >\n\t\t\t\t\t\t\t\t\t\n\t\t\t\t\t<\/div>\n\t\t\t\t\t\t\t\t\n<style>\n#image_1305403970 {\n  width: 13%;\n}\n<\/style>\n\t<\/div>\n\t\n\n\t<div id=\"text-846896643\" class=\"text link-u\">\n\t\t\n\n<h3>Ksi\u0119gowo\u015b\u0107<\/h3>\n<p>Zajmujemy si\u0119 Twoj\u0105 pe\u0142n\u0105 administracj\u0105 i zapewniamy przejrzysto\u015b\u0107 w Twoich finansach. Od codziennych ksi\u0119gowa\u0144 po rozliczenia podatkowe \u2013 wszystko jest realizowane rzetelnie i na czas.<\/p>\n\t\t\t<\/div>\n\t\n\t<div id=\"stack-2846540523\" class=\"stack stack-row justify-end items-stretch\">\n\t\t\n\n<a href=\"\/pl\/particulieren\/\" class=\"button alert is-link is-large lowercase btn-expand blk-btn\" style=\"padding:0px 0px 0px 0px;\">\n\t\t<span>Czytaj wi\u0119cej<\/span>\n\t<i class=\"icon-expand\" aria-hidden=\"true\"><\/i><\/a>\n\n\n\n\t\t\n<style>\n#stack-2846540523 > * {\n  --stack-gap: 0rem;\n}\n<\/style>\n\t<\/div>\n\t\n\n\t\t\t<\/div>\n\t\t<\/div>\n\t<\/div>\n\t\n\n\t\t<\/div>\n\t\t\t\t\n<style>\n#col-863292307 > .col-inner {\n  border-radius: 12px;\n}\n<\/style>\n\t<\/div>\n\n\t\n\n\t<div id=\"col-1699075426\" class=\"col ux-column medium-6 small-12 large-6\"  >\n\t\t\t\t<div class=\"col-inner box-shadow-4\"  data-parallax-fade=\"true\" data-parallax=\"1\">\n\t\t\t\n\t\t\t\n\n\t<div class=\"box has-hover brd-box  has-hover box-shadow-4 box-text-bottom\" >\n\n\t\t<div class=\"box-image\" >\n\t\t\t\t\t\t<div class=\"image-cover\" style=\"padding-top:56.25%;\">\n\t\t\t\t\t\t\t\t\t\t\t\t\t\t\t<\/div>\n\t\t\t\t\t<\/div>\n\n\t\t<div class=\"box-text text-left is-small\" style=\"background-color:rgb(255, 255, 255);padding:45px 30px 30px 30px;\">\n\t\t\t<div class=\"box-text-inner\">\n\t\t\t\t\n\n\t<div class=\"img has-hover x md-x lg-x y md-y lg-y\" id=\"image_146064968\">\n\t\t\t\t\t\t\t\t<div class=\"img-inner dark\" >\n\t\t\t\t\t\t\t\t\t\n\t\t\t\t\t<\/div>\n\t\t\t\t\t\t\t\t\n<style>\n#image_146064968 {\n  width: 13%;\n}\n<\/style>\n\t<\/div>\n\t\n\n\t<div id=\"text-1320527782\" class=\"text link-u\">\n\t\t\n\n<h3>Kadry i administracja p\u0142acowa<\/h3>\n<p>Zajmujemy si\u0119 wszystkimi sprawami zwi\u0105zanymi z personelem i wynagrodzeniami. Od list p\u0142ac po rozliczenia i umowy \u2013 dzi\u0119ki temu nie musisz si\u0119 martwi\u0107, a wszystko przebiega zgodnie z przepisami.<\/p>\n\t\t\t<\/div>\n\t\n\t<div id=\"stack-3606630876\" class=\"stack stack-row justify-end items-stretch\">\n\t\t\n\n<a href=\"\/pl\/personeel-en-salarisadministratie\/\" class=\"button alert is-link is-large lowercase btn-expand blk-btn\" style=\"padding:0px 0px 0px 0px;\">\n\t\t<span>Czytaj wi\u0119cej<\/span>\n\t<i class=\"icon-expand\" aria-hidden=\"true\"><\/i><\/a>\n\n\n\n\t\t\n<style>\n#stack-3606630876 > * {\n  --stack-gap: 0rem;\n}\n<\/style>\n\t<\/div>\n\t\n\n\t\t\t<\/div>\n\t\t<\/div>\n\t<\/div>\n\t\n\n\t\t<\/div>\n\t\t\t\t\n<style>\n#col-1699075426 > .col-inner {\n  border-radius: 12px;\n}\n<\/style>\n\t<\/div>\n\n\t\n\n\t<div id=\"col-1562335294\" class=\"col ux-column medium-6 small-12 large-6\"  >\n\t\t\t\t<div class=\"col-inner box-shadow-4\"  data-parallax-fade=\"true\" data-parallax=\"1\">\n\t\t\t\n\t\t\t\n\n\t<div class=\"box has-hover brd-box  has-hover box-shadow-4 box-text-bottom\" >\n\n\t\t<div class=\"box-image\" >\n\t\t\t\t\t\t<div class=\"image-cover\" style=\"padding-top:56.25%;\">\n\t\t\t\t\t\t\t\t\t\t\t\t\t\t\t<\/div>\n\t\t\t\t\t<\/div>\n\n\t\t<div class=\"box-text text-left is-small\" style=\"background-color:rgb(255, 255, 255);padding:45px 30px 30px 30px;\">\n\t\t\t<div class=\"box-text-inner\">\n\t\t\t\t\n\n\t<div class=\"img has-hover x md-x lg-x y md-y lg-y\" id=\"image_1685775661\">\n\t\t\t\t\t\t\t\t<div class=\"img-inner dark\" >\n\t\t\t\t\t\t\t\t\t\n\t\t\t\t\t<\/div>\n\t\t\t\t\t\t\t\t\n<style>\n#image_1685775661 {\n  width: 13%;\n}\n<\/style>\n\t<\/div>\n\t\n\n\t<div id=\"text-297092987\" class=\"text link-u\">\n\t\t\n\n<h3>Doradztwo biznesowe<\/h3>\n<p>Wspieramy Ci\u0119 w rozwoju Twojej firmy. Niezale\u017cnie od tego, czy chodzi o decyzje finansowe, struktur\u0119 czy nowe mo\u017cliwo\u015bci, oferujemy jasne i praktyczne doradztwo, kt\u00f3re realnie pomaga.<\/p>\n\t\t\t<\/div>\n\t\n\t<div id=\"stack-2448943086\" class=\"stack stack-row justify-end items-stretch\">\n\t\t\n\n<a href=\"\/pl\/bedrijfsadvies\/\" class=\"button alert is-link is-large lowercase btn-expand blk-btn\" style=\"padding:0px 0px 0px 0px;\">\n\t\t<span>Czytaj wi\u0119cej<\/span>\n\t<i class=\"icon-expand\" aria-hidden=\"true\"><\/i><\/a>\n\n\n\n\t\t\n<style>\n#stack-2448943086 > * {\n  --stack-gap: 0rem;\n}\n<\/style>\n\t<\/div>\n\t\n\n\t\t\t<\/div>\n\t\t<\/div>\n\t<\/div>\n\t\n\n\t\t<\/div>\n\t\t\t\t\n<style>\n#col-1562335294 > .col-inner {\n  border-radius: 12px;\n}\n<\/style>\n\t<\/div>\n\n\t\n\n\t<div id=\"col-201818679\" class=\"col ux-column medium-6 small-12 large-6\"  >\n\t\t\t\t<div class=\"col-inner box-shadow-4\"  data-parallax-fade=\"true\" data-parallax=\"1\">\n\t\t\t\n\t\t\t\n\n\t<div class=\"box has-hover brd-box  has-hover box-shadow-4 box-text-bottom\" >\n\n\t\t<div class=\"box-image\" >\n\t\t\t\t\t\t<div class=\"image-cover\" style=\"padding-top:56.25%;\">\n\t\t\t\t\t\t\t\t\t\t\t\t\t\t\t<\/div>\n\t\t\t\t\t<\/div>\n\n\t\t<div class=\"box-text text-left is-small\" style=\"background-color:rgb(255, 255, 255);padding:45px 30px 30px 30px;\">\n\t\t\t<div class=\"box-text-inner\">\n\t\t\t\t\n\n\t<div class=\"img has-hover x md-x lg-x y md-y lg-y\" id=\"image_1653954395\">\n\t\t\t\t\t\t\t\t<div class=\"img-inner dark\" >\n\t\t\t\t\t\t\t\t\t\n\t\t\t\t\t<\/div>\n\t\t\t\t\t\t\t\t\n<style>\n#image_1653954395 {\n  width: 13%;\n}\n<\/style>\n\t<\/div>\n\t\n\n\t<div id=\"text-3616782324\" class=\"text link-u\">\n\t\t\n\n<h3>Dla os\u00f3b prywatnych<\/h3>\n<p>R\u00f3wnie\u017c jako osoba prywatna mo\u017cesz liczy\u0107 na nasz\u0105 pomoc w zakresie administracji, rozlicze\u0144 podatkowych i dodatk\u00f3w. Upraszczamy wszystko i dbamy o to, aby by\u0142o za\u0142atwione poprawnie, bez zb\u0119dnych komplikacji.<\/p>\n\t\t\t<\/div>\n\t\n\t<div id=\"stack-1536206753\" class=\"stack stack-row justify-end items-stretch\">\n\t\t\n\n<a href=\"\/pl\/particulieren\/\" class=\"button alert is-link is-large lowercase btn-expand blk-btn\" style=\"padding:0px 0px 0px 0px;\">\n\t\t<span>Czytaj wi\u0119cej<\/span>\n\t<i class=\"icon-expand\" aria-hidden=\"true\"><\/i><\/a>\n\n\n\n\t\t\n<style>\n#stack-1536206753 > * {\n  --stack-gap: 0rem;\n}\n<\/style>\n\t<\/div>\n\t\n\n\t\t\t<\/div>\n\t\t<\/div>\n\t<\/div>\n\t\n\n\t\t<\/div>\n\t\t\t\t\n<style>\n#col-201818679 > .col-inner {\n  border-radius: 12px;\n}\n<\/style>\n\t<\/div>\n\n\t\n\n<\/div>\n\t<div id=\"gap-1367753644\" class=\"gap-element clearfix\" style=\"display:block; height:auto;\">\n\t\t\n<style>\n#gap-1367753644 {\n  padding-top: 30px;\n}\n@media (min-width:550px) {\n  #gap-1367753644 {\n    padding-top: 30px;\n  }\n}\n<\/style>\n\t<\/div>\n\t\n\n\n\t\t<\/div>\n\n\t\t\n<style>\n#section_1730389134 {\n  padding-top: 30px;\n  padding-bottom: 30px;\n  background-color: #f4f4f4;\n}\n<\/style>\n\t<\/section>\n\t\n\t<div id=\"gap-1794782607\" class=\"gap-element clearfix\" style=\"display:block; height:auto;\">\n\t\t\n<style>\n#gap-1794782607 {\n  padding-top: 100px;\n}\n<\/style>\n\t<\/div>","protected":false},"excerpt":{"rendered":"","protected":false},"author":2,"featured_media":0,"parent":0,"menu_order":0,"comment_status":"closed","ping_status":"closed","template":"page-blank.php","meta":{"footnotes":""},"class_list":["post-64","page","type-page","status-publish","hentry"],"yoast_head":"<!-- This site is optimized with the Yoast SEO plugin v27.4 - https:\/\/yoast.com\/product\/yoast-seo-wordpress\/ -->\n<title>Administratie en advies diensten Nederland<\/title>\n<meta name=\"description\" content=\"Complete dienstverlening in bedrijfsadministratie en financieel advies in Nederland, inclusief hulp voor Poolse klanten.\" \/>\n<meta name=\"robots\" content=\"index, follow, max-snippet:-1, max-image-preview:large, max-video-preview:-1\" \/>\n<link rel=\"canonical\" href=\"https:\/\/appoladvies.nl\/pl\/diensten\/\" \/>\n<meta property=\"og:locale\" content=\"pl_PL\" \/>\n<meta property=\"og:type\" content=\"article\" \/>\n<meta property=\"og:title\" content=\"Administratie en advies diensten Nederland\" \/>\n<meta property=\"og:description\" content=\"Complete dienstverlening in bedrijfsadministratie en financieel advies in Nederland, inclusief hulp voor Poolse klanten.\" \/>\n<meta property=\"og:url\" content=\"https:\/\/appoladvies.nl\/pl\/diensten\/\" \/>\n<meta property=\"og:site_name\" content=\"Appoladvies.nl\" \/>\n<meta property=\"article:modified_time\" content=\"2026-04-01T17:09:40+00:00\" \/>\n<meta property=\"og:image\" content=\"https:\/\/appoladvies.nl\/wp-content\/uploads\/2026\/03\/appol_advies_img_0025.jpeg\" \/>\n\t<meta property=\"og:image:width\" content=\"1200\" \/>\n\t<meta property=\"og:image:height\" content=\"801\" \/>\n\t<meta property=\"og:image:type\" content=\"image\/jpeg\" \/>\n<script type=\"application\/ld+json\" class=\"yoast-schema-graph\">{\"@context\":\"https:\\\/\\\/schema.org\",\"@graph\":[{\"@type\":\"WebPage\",\"@id\":\"https:\\\/\\\/appoladvies.nl\\\/diensten\\\/\",\"url\":\"https:\\\/\\\/appoladvies.nl\\\/diensten\\\/\",\"name\":\"Administratie en advies diensten Nederland\",\"isPartOf\":{\"@id\":\"https:\\\/\\\/appoladvies.nl\\\/#website\"},\"datePublished\":\"2026-03-23T09:28:04+00:00\",\"dateModified\":\"2026-04-01T17:09:40+00:00\",\"description\":\"Complete dienstverlening in bedrijfsadministratie en financieel advies in Nederland, inclusief hulp voor Poolse klanten.\",\"breadcrumb\":{\"@id\":\"https:\\\/\\\/appoladvies.nl\\\/diensten\\\/#breadcrumb\"},\"inLanguage\":\"pl-PL\",\"potentialAction\":[{\"@type\":\"ReadAction\",\"target\":[\"https:\\\/\\\/appoladvies.nl\\\/diensten\\\/\"]}]},{\"@type\":\"BreadcrumbList\",\"@id\":\"https:\\\/\\\/appoladvies.nl\\\/diensten\\\/#breadcrumb\",\"itemListElement\":[{\"@type\":\"ListItem\",\"position\":1,\"name\":\"Home\",\"item\":\"https:\\\/\\\/appoladvies.nl\\\/\"},{\"@type\":\"ListItem\",\"position\":2,\"name\":\"Diensten\"}]},{\"@type\":\"WebSite\",\"@id\":\"https:\\\/\\\/appoladvies.nl\\\/#website\",\"url\":\"https:\\\/\\\/appoladvies.nl\\\/\",\"name\":\"Appoladvies.nl\",\"description\":\"Administratiekantoor in Nederland voor Poolse ondernemers\",\"publisher\":{\"@id\":\"https:\\\/\\\/appoladvies.nl\\\/#organization\"},\"potentialAction\":[{\"@type\":\"SearchAction\",\"target\":{\"@type\":\"EntryPoint\",\"urlTemplate\":\"https:\\\/\\\/appoladvies.nl\\\/?s={search_term_string}\"},\"query-input\":{\"@type\":\"PropertyValueSpecification\",\"valueRequired\":true,\"valueName\":\"search_term_string\"}}],\"inLanguage\":\"pl-PL\"},{\"@type\":\"Organization\",\"@id\":\"https:\\\/\\\/appoladvies.nl\\\/#organization\",\"name\":\"Appoladvies.nl\",\"url\":\"https:\\\/\\\/appoladvies.nl\\\/\",\"logo\":{\"@type\":\"ImageObject\",\"inLanguage\":\"pl-PL\",\"@id\":\"https:\\\/\\\/appoladvies.nl\\\/#\\\/schema\\\/logo\\\/image\\\/\",\"url\":\"https:\\\/\\\/appoladvies.nl\\\/wp-content\\\/uploads\\\/2026\\\/03\\\/LOGO.png\",\"contentUrl\":\"https:\\\/\\\/appoladvies.nl\\\/wp-content\\\/uploads\\\/2026\\\/03\\\/LOGO.png\",\"width\":500,\"height\":500,\"caption\":\"Appoladvies.nl\"},\"image\":{\"@id\":\"https:\\\/\\\/appoladvies.nl\\\/#\\\/schema\\\/logo\\\/image\\\/\"}}]}<\/script>\n<!-- \/ Yoast SEO plugin. -->","yoast_head_json":{"title":"Administratie en advies diensten Nederland","description":"Complete dienstverlening in bedrijfsadministratie en financieel advies in Nederland, inclusief hulp voor Poolse klanten.","robots":{"index":"index","follow":"follow","max-snippet":"max-snippet:-1","max-image-preview":"max-image-preview:large","max-video-preview":"max-video-preview:-1"},"canonical":"https:\/\/appoladvies.nl\/pl\/diensten\/","og_locale":"pl_PL","og_type":"article","og_title":"Administratie en advies diensten Nederland","og_description":"Complete dienstverlening in bedrijfsadministratie en financieel advies in Nederland, inclusief hulp voor Poolse klanten.","og_url":"https:\/\/appoladvies.nl\/pl\/diensten\/","og_site_name":"Appoladvies.nl","article_modified_time":"2026-04-01T17:09:40+00:00","og_image":[{"width":1200,"height":801,"url":"https:\/\/appoladvies.nl\/wp-content\/uploads\/2026\/03\/appol_advies_img_0025.jpeg","type":"image\/jpeg"}],"schema":{"@context":"https:\/\/schema.org","@graph":[{"@type":"WebPage","@id":"https:\/\/appoladvies.nl\/diensten\/","url":"https:\/\/appoladvies.nl\/diensten\/","name":"Administratie en advies diensten Nederland","isPartOf":{"@id":"https:\/\/appoladvies.nl\/#website"},"datePublished":"2026-03-23T09:28:04+00:00","dateModified":"2026-04-01T17:09:40+00:00","description":"Complete dienstverlening in bedrijfsadministratie en financieel advies in Nederland, inclusief hulp voor Poolse klanten.","breadcrumb":{"@id":"https:\/\/appoladvies.nl\/diensten\/#breadcrumb"},"inLanguage":"pl-PL","potentialAction":[{"@type":"ReadAction","target":["https:\/\/appoladvies.nl\/diensten\/"]}]},{"@type":"BreadcrumbList","@id":"https:\/\/appoladvies.nl\/diensten\/#breadcrumb","itemListElement":[{"@type":"ListItem","position":1,"name":"Home","item":"https:\/\/appoladvies.nl\/"},{"@type":"ListItem","position":2,"name":"Diensten"}]},{"@type":"WebSite","@id":"https:\/\/appoladvies.nl\/#website","url":"https:\/\/appoladvies.nl\/","name":"Appoladvies.nl","description":"Administratiekantoor in Nederland voor Poolse ondernemers","publisher":{"@id":"https:\/\/appoladvies.nl\/#organization"},"potentialAction":[{"@type":"SearchAction","target":{"@type":"EntryPoint","urlTemplate":"https:\/\/appoladvies.nl\/?s={search_term_string}"},"query-input":{"@type":"PropertyValueSpecification","valueRequired":true,"valueName":"search_term_string"}}],"inLanguage":"pl-PL"},{"@type":"Organization","@id":"https:\/\/appoladvies.nl\/#organization","name":"Appoladvies.nl","url":"https:\/\/appoladvies.nl\/","logo":{"@type":"ImageObject","inLanguage":"pl-PL","@id":"https:\/\/appoladvies.nl\/#\/schema\/logo\/image\/","url":"https:\/\/appoladvies.nl\/wp-content\/uploads\/2026\/03\/LOGO.png","contentUrl":"https:\/\/appoladvies.nl\/wp-content\/uploads\/2026\/03\/LOGO.png","width":500,"height":500,"caption":"Appoladvies.nl"},"image":{"@id":"https:\/\/appoladvies.nl\/#\/schema\/logo\/image\/"}}]}},"_links":{"self":[{"href":"https:\/\/appoladvies.nl\/pl\/wp-json\/wp\/v2\/pages\/64","targetHints":{"allow":["GET"]}}],"collection":[{"href":"https:\/\/appoladvies.nl\/pl\/wp-json\/wp\/v2\/pages"}],"about":[{"href":"https:\/\/appoladvies.nl\/pl\/wp-json\/wp\/v2\/types\/page"}],"author":[{"embeddable":true,"href":"https:\/\/appoladvies.nl\/pl\/wp-json\/wp\/v2\/users\/2"}],"replies":[{"embeddable":true,"href":"https:\/\/appoladvies.nl\/pl\/wp-json\/wp\/v2\/comments?post=64"}],"version-history":[{"count":1,"href":"https:\/\/appoladvies.nl\/pl\/wp-json\/wp\/v2\/pages\/64\/revisions"}],"predecessor-version":[{"id":737,"href":"https:\/\/appoladvies.nl\/pl\/wp-json\/wp\/v2\/pages\/64\/revisions\/737"}],"wp:attachment":[{"href":"https:\/\/appoladvies.nl\/pl\/wp-json\/wp\/v2\/media?parent=64"}],"curies":[{"name":"wp","href":"https:\/\/api.w.org\/{rel}","templated":true}]}}