{"id":60,"date":"2026-03-23T10:27:53","date_gmt":"2026-03-23T09:27:53","guid":{"rendered":"https:\/\/appoladvies.nl\/?page_id=60"},"modified":"2026-04-01T19:13:15","modified_gmt":"2026-04-01T17:13:15","slug":"personeel-en-salarisadministratie","status":"publish","type":"page","link":"https:\/\/appoladvies.nl\/pl\/personeel-en-salarisadministratie\/","title":{"rendered":"Kadry i administracja p\u0142acowa"},"content":{"rendered":"<div id=\"gap-465707171\" class=\"gap-element clearfix\" style=\"display:block; height:auto;\">\n\t\t\n<style>\n#gap-465707171 {\n  padding-top: 45px;\n}\n@media (min-width:550px) {\n  #gap-465707171 {\n    padding-top: 60px;\n  }\n}\n<\/style>\n\t<\/div>\n\t\n<div class=\"row\"  id=\"row-1187977890\">\n\n\t<div id=\"col-1016419042\" class=\"col medium-12 small-12 large-12\"  >\n\t\t\t\t<div class=\"col-inner\"  >\n\t\t\t\n\t\t\t\n<h2>Kadry i administracja p\u0142acowa<\/h2>\n\n<nav class=\"material-breadcrumb\"><a href=\"https:\/\/appoladvies.nl\/pl\/\" class=\"mb-item home-icon\">\n        <span class=\"material-icons\">home<\/span>\n    <\/a><span class=\"mb-sep\">\u203a<\/span><span class=\"mb-item current\">Kadry i administracja p\u0142acowa<\/span><\/nav>\n\n\t<div id=\"gap-1827274654\" class=\"gap-element clearfix\" style=\"display:block; height:auto;\">\n\t\t\n<style>\n#gap-1827274654 {\n  padding-top: 30px;\n}\n<\/style>\n\t<\/div>\n\t\n\t\t<\/div>\n\t\t\t\t\n<style>\n#col-1016419042 > .col-inner {\n  padding: 0px 0px 0px 0px;\n}\n<\/style>\n\t<\/div>\n\n\t\n<\/div>\n<div class=\"row align-middle\"  id=\"row-233154149\">\n\n\t<div id=\"col-804809196\" class=\"col medium-12 small-12 large-7\"  >\n\t\t\t\t<div class=\"col-inner\"  >\n\t\t\t\n\t\t\t\n\t<div id=\"text-4190071711\" class=\"text ux-bullets\">\n\t\t\n<h1>Wszystko za\u0142atwione dla Twojego personelu<\/h1>\n<ul>\n<li>Rejestracja pracodawcy i pracownik\u00f3w<\/li>\n<li>Prowadzenie akt osobowych pracownik\u00f3w i dokumentacji zwi\u0105zanych ze stosunkiem pracy<\/li>\n<li>Kalkulacja list p\u0142ac pracownik\u00f3w etatowych<\/li>\n<li>Sporz\u0105dzanie raport\u00f3w miesi\u0119cznych dla pracownik\u00f3w<\/li>\n<li>Kalkulacja miesi\u0119cznych zaliczek na podatek dochodowy od os\u00f3b fizycznych<\/li>\n<li>Przygotowanie rocznych deklaracji podatkowych<\/li>\n<li>Wsp\u00f3\u0142praca z urz\u0119dami, instytucjami finansowymi, kontrahentami, udzia\u0142owcami oraz audytorami w imieniu Klienta w sprawach zwi\u0105zanych z obs\u0142ug\u0105 kadrowo-p\u0142acow\u0105<\/li>\n<li>Prowadzenie akt osobowych pracownik\u00f3w i dokumentacji zwi\u0105zanych ze stosunkiem pracy zgodnie z Kodeksem Pracy oraz innymi przepisami prawa<\/li>\n<li>Rozliczanie um\u00f3w cywilno-prawnych (np. umowy zlecenia lub umowy o dzie\u0142o)<\/li>\n<li>Sporz\u0105dzanie raport\u00f3w miesi\u0119cznych dla pracownik\u00f3w (\u201epaski\u201d)<\/li>\n<\/ul>\n\t\t\t<\/div>\n\t\n\t\t<\/div>\n\t\t\t\t\n<style>\n#col-804809196 > .col-inner {\n  padding: 0px 0px 0px 0px;\n}\n@media (min-width:550px) {\n  #col-804809196 > .col-inner {\n    padding: 0px 0px 0px 0px;\n  }\n}\n@media (min-width:850px) {\n  #col-804809196 > .col-inner {\n    padding: 0px 46px 0px 0px;\n  }\n}\n<\/style>\n\t<\/div>\n\n\t\n\n\t<div id=\"col-529214224\" class=\"col acc-css medium-12 small-12 large-5\"  >\n\t\t\t\t<div class=\"col-inner\"  >\n\t\t\t\n\t\t\t\n\n  <div class=\"banner has-hover cust-radius has-parallax\" id=\"banner-970526039\">\n          <div class=\"banner-inner fill\">\n        <div class=\"banner-bg fill\" data-parallax=\"-1\" data-parallax-container=\".banner\" data-parallax-background>\n                                                \n                    <\/div>\n\t\t\n        <div class=\"banner-layers container\">\n            <div class=\"fill banner-link\"><\/div>            \n        <\/div>\n      <\/div>\n\n            \n<style>\n#banner-970526039 {\n  padding-top: 99.99%;\n  background-color: rgba(255, 255, 255, 0);\n}\n#banner-970526039 .banner-bg img {\n  object-position: 39% 13%;\n}\n@media (min-width:550px) {\n  #banner-970526039 {\n    padding-top: 99.99%;\n  }\n}\n<\/style>\n  <\/div>\n\n\n\t\t<\/div>\n\t\t\t\t\t<\/div>\n\n\t\n<\/div>\n<div class=\"row row-collapse\"  id=\"row-814514779\">\n\n\n\t<div id=\"col-1918558561\" class=\"col small-12 large-12\"  >\n\t\t\t\t<div class=\"col-inner\"  >\n\t\t\t\n\t\t\t\n\n\n\n<div class=\"wbt-wrapper\">\r\n    <div class=\"wbt-divider\">\r\n        <div class=\"wbt-divider-line\"><\/div>\r\n        <div class=\"wbt-divider-dot\">\u25cf<\/div>\r\n        <div class=\"wbt-divider-line\"><\/div>\r\n    <\/div>\r\n<\/div>\n\n\n\t\t<\/div>\n\t\t\t\t\n<style>\n#col-1918558561 > .col-inner {\n  padding: 0px 15px 0px 15px;\n}\n@media (min-width:550px) {\n  #col-1918558561 > .col-inner {\n    padding: 0px 15px 0px 15px;\n  }\n}\n@media (min-width:850px) {\n  #col-1918558561 > .col-inner {\n    padding: 0px 15px 0px 15px;\n  }\n}\n<\/style>\n\t<\/div>\n\n\t\n\n<\/div>\n\t<div id=\"gap-358710095\" class=\"gap-element clearfix\" style=\"display:block; height:auto;\">\n\t\t\n<style>\n#gap-358710095 {\n  padding-top: 30px;\n}\n<\/style>\n\t<\/div>\n\t\n<div class=\"row align-middle\"  id=\"row-865551055\">\n\n\t<div id=\"col-777721480\" class=\"col acc-css medium-12 small-12 large-4\"  >\n\t\t\t\t<div class=\"col-inner\"  >\n\t\t\t\n\t\t\t\n\n  <div class=\"banner has-hover cust-radius has-parallax\" id=\"banner-1128725063\">\n          <div class=\"banner-inner fill\">\n        <div class=\"banner-bg fill\" data-parallax=\"-1\" data-parallax-container=\".banner\" data-parallax-background>\n                                                \n                    <\/div>\n\t\t\n        <div class=\"banner-layers container\">\n            <div class=\"fill banner-link\"><\/div>            \n        <\/div>\n      <\/div>\n\n            \n<style>\n#banner-1128725063 {\n  padding-top: 99.99%;\n  background-color: rgba(255, 255, 255, 0);\n}\n#banner-1128725063 .banner-bg img {\n  object-position: 37% 11%;\n}\n@media (min-width:550px) {\n  #banner-1128725063 {\n    padding-top: 99.99%;\n  }\n}\n<\/style>\n  <\/div>\n\n\n\t\t<\/div>\n\t\t\t\t\t<\/div>\n\n\t\n\n\t<div id=\"col-398600514\" class=\"col medium-12 small-12 large-8 small-col-first\"  >\n\t\t\t\t<div class=\"col-inner\"  >\n\t\t\t\n\t\t\t\n<h2>Bezproblemowa obs\u0142uga p\u0142ac<\/h2>\n<p> Przejmujemy pe\u0142n\u0105 obs\u0142ug\u0119 kadrowo-p\u0142acow\u0105. Od naliczania wynagrodze\u0144 po prowadzenie akt osobowych i rozliczenia. Wszystko jest realizowane rzetelnie i na czas, dzi\u0119ki czemu nie musisz si\u0119 martwi\u0107 i mo\u017cesz skupi\u0107 si\u0119 na swoim biznesie.<\/p>\n<a href=\"\/pl\/afspraak-maken\/\" class=\"button secondary\" >\n\t\t<span>Um\u00f3w spotkanie<\/span>\n\t<\/a>\n\n\t\t<\/div>\n\t\t\t\t\n<style>\n#col-398600514 > .col-inner {\n  padding: 0px 0px 0px 0px;\n}\n<\/style>\n\t<\/div>\n\n\t\n<\/div>\n\t<div id=\"gap-146213397\" class=\"gap-element clearfix\" style=\"display:block; height:auto;\">\n\t\t\n<style>\n#gap-146213397 {\n  padding-top: 30px;\n}\n@media (min-width:550px) {\n  #gap-146213397 {\n    padding-top: 45px;\n  }\n}\n<\/style>\n\t<\/div>\n\t\n<div class=\"row\"  id=\"row-352016210\">\n\n\n\t<div id=\"col-1787687629\" class=\"col small-12 large-12\"  data-animate=\"bounceInUp\">\n\t\t\t\t<div class=\"col-inner\"  >\n\t\t\t\n\t\t\t\n\n<div class=\"message-box relative mssg-bx dark\" ><div class=\"message-box-bg-image bg-fill fill\" ><\/div><div class=\"message-box-bg-overlay bg-fill fill\" style=\"background-color:#f97316;\"><\/div><div class=\"container relative\"><div class=\"inner last-reset\">\n\n<div class=\"row row-collapse align-middle align-center\"  id=\"row-1974753749\">\n\n\n\t<div id=\"col-1397535114\" class=\"col medium-12 small-12 large-7\"  >\n\t\t\t\t<div class=\"col-inner text-center\"  >\n\t\t\t\n\t\t\t\n\n\n  <div class=\"banner has-hover cust-radius\" id=\"banner-1456056750\">\n          <div class=\"banner-inner fill\">\n        <div class=\"banner-bg fill\" >\n                                    <div class=\"overlay\"><\/div>            \n                    <\/div>\n\t\t\n        <div class=\"banner-layers container\">\n            <div class=\"fill banner-link\"><\/div>            \n\n\n        <\/div>\n      <\/div>\n\n            \n<style>\n#banner-1456056750 {\n  padding-top: 360px;\n  background-color: rgba(255, 255, 255, 0);\n}\n#banner-1456056750 .overlay {\n  background-color: rgba(0, 0, 0, 0.023);\n}\n#banner-1456056750 .banner-bg img {\n  object-position: 25% 45%;\n}\n@media (min-width:550px) {\n  #banner-1456056750 {\n    padding-top: 461px;\n  }\n}\n<\/style>\n  <\/div>\n\n\n\n\t\t<\/div>\n\t\t\t\t\t<\/div>\n\n\t\n\n\t<div id=\"col-802837063\" class=\"col medium-12 small-12 large-5\"  >\n\t\t\t\t<div class=\"col-inner\"  >\n\t\t\t\n\t\t\t\n\n\t<div id=\"gap-1967353549\" class=\"gap-element clearfix\" style=\"display:block; height:auto;\">\n\t\t\n<style>\n#gap-1967353549 {\n  padding-top: 45px;\n}\n@media (min-width:550px) {\n  #gap-1967353549 {\n    padding-top: 30px;\n  }\n}\n<\/style>\n\t<\/div>\n\t\n\n\t<div id=\"text-1868091814\" class=\"text\">\n\t\t\n\n<h4>Gotowy na poznanie nas?<\/h4>\n\t\t\n<style>\n#text-1868091814 {\n  font-size: 1.75rem;\n  line-height: 1.15;\n}\n@media (min-width:550px) {\n  #text-1868091814 {\n    font-size: 2.05rem;\n    line-height: 1.15;\n  }\n}\n<\/style>\n\t<\/div>\n\t\n\t<div id=\"gap-1658992648\" class=\"gap-element clearfix\" style=\"display:block; height:auto;\">\n\t\t\n<style>\n#gap-1658992648 {\n  padding-top: 15px;\n}\n<\/style>\n\t<\/div>\n\t\n\n<p>Um\u00f3w si\u0119 na niezobowi\u0105zuj\u0105c\u0105 konsultacj\u0119. W 15 minut om\u00f3wimy Twoj\u0105 sytuacj\u0119 i mo\u017cliwo\u015bci. Wolisz spotkanie na miejscu? Zapraszamy do jednego z naszych biur.<\/p>\n\t<div id=\"gap-165927251\" class=\"gap-element clearfix\" style=\"display:block; height:auto;\">\n\t\t\n<style>\n#gap-165927251 {\n  padding-top: 15px;\n}\n<\/style>\n\t<\/div>\n\t\n\n\t<div id=\"stack-3323659283\" class=\"stack stack-col justify-start items-start\">\n\t\t\n\n<a href=\"\/pl\/afspraak-maken\/\" class=\"button white\" >\n\t\t<span>Um\u00f3w spotkanie<\/span>\n\t<i class=\"icon-expand\" aria-hidden=\"true\"><\/i><\/a>\n\n\n<a href=\"tel:+317136453461\" class=\"button white wbt-hvr\" >\n\t<i class=\"icon-phone\" aria-hidden=\"true\"><\/i>\t<span>+31 (0) 713 645 346<\/span>\n\t<\/a>\n\n\n\n\t\t\n<style>\n#stack-3323659283 > * {\n  --stack-gap: 0.5rem;\n}\n<\/style>\n\t<\/div>\n\t\n\t<div id=\"gap-253305024\" class=\"gap-element clearfix\" style=\"display:block; height:auto;\">\n\t\t\n<style>\n#gap-253305024 {\n  padding-top: 40px;\n}\n@media (min-width:550px) {\n  #gap-253305024 {\n    padding-top: 30px;\n  }\n}\n<\/style>\n\t<\/div>\n\t\n\n\n\t\t<\/div>\n\t\t\t\t\n<style>\n#col-802837063 > .col-inner {\n  padding: 0px 30px 0px 30px;\n}\n@media (min-width:550px) {\n  #col-802837063 > .col-inner {\n    padding: 0px 45px 0px 46px;\n  }\n}\n<\/style>\n\t<\/div>\n\n\t\n\n<\/div>\n\n<\/div><\/div><\/div>\n\n\t\t<\/div>\n\t\t\t\t\n<style>\n#col-1787687629 > .col-inner {\n  border-radius: 16px;\n}\n<\/style>\n\t<\/div>\n\n\t\n\n<\/div>\n\t<div id=\"gap-602173638\" class=\"gap-element clearfix\" style=\"display:block; height:auto;\">\n\t\t\n<style>\n#gap-602173638 {\n  padding-top: 30px;\n}\n@media (min-width:550px) {\n  #gap-602173638 {\n    padding-top: 30px;\n  }\n}\n<\/style>\n\t<\/div>","protected":false},"excerpt":{"rendered":"","protected":false},"author":2,"featured_media":0,"parent":0,"menu_order":0,"comment_status":"closed","ping_status":"closed","template":"page-blank.php","meta":{"footnotes":""},"class_list":["post-60","page","type-page","status-publish","hentry"],"yoast_head":"<!-- This site is optimized with the Yoast SEO plugin v27.4 - https:\/\/yoast.com\/product\/yoast-seo-wordpress\/ -->\n<title>Salarisadministratie en personeel Nederland AppolAdvies<\/title>\n<meta name=\"description\" content=\"Regel eenvoudig je salarisadministratie en personeelszaken in Nederland, met duidelijke ondersteuning voor Poolse werknemers en ondernemers.\" \/>\n<meta name=\"robots\" content=\"index, follow, max-snippet:-1, max-image-preview:large, max-video-preview:-1\" \/>\n<link rel=\"canonical\" href=\"https:\/\/appoladvies.nl\/pl\/personeel-en-salarisadministratie\/\" \/>\n<meta property=\"og:locale\" content=\"pl_PL\" \/>\n<meta property=\"og:type\" content=\"article\" \/>\n<meta property=\"og:title\" content=\"Salarisadministratie en personeel Nederland AppolAdvies\" \/>\n<meta property=\"og:description\" content=\"Regel eenvoudig je salarisadministratie en personeelszaken in Nederland, met duidelijke ondersteuning voor Poolse werknemers en ondernemers.\" \/>\n<meta property=\"og:url\" content=\"https:\/\/appoladvies.nl\/pl\/personeel-en-salarisadministratie\/\" \/>\n<meta property=\"og:site_name\" content=\"Appoladvies.nl\" \/>\n<meta property=\"article:modified_time\" content=\"2026-04-01T17:13:15+00:00\" \/>\n<meta property=\"og:image\" content=\"https:\/\/appoladvies.nl\/wp-content\/uploads\/2026\/03\/appol_advies_img_0065.jpeg\" \/>\n\t<meta property=\"og:image:width\" content=\"1200\" \/>\n\t<meta property=\"og:image:height\" content=\"675\" \/>\n\t<meta property=\"og:image:type\" content=\"image\/jpeg\" \/>\n<script type=\"application\/ld+json\" class=\"yoast-schema-graph\">{\"@context\":\"https:\\\/\\\/schema.org\",\"@graph\":[{\"@type\":\"WebPage\",\"@id\":\"https:\\\/\\\/appoladvies.nl\\\/personeel-en-salarisadministratie\\\/\",\"url\":\"https:\\\/\\\/appoladvies.nl\\\/personeel-en-salarisadministratie\\\/\",\"name\":\"Salarisadministratie en personeel Nederland AppolAdvies\",\"isPartOf\":{\"@id\":\"https:\\\/\\\/appoladvies.nl\\\/#website\"},\"datePublished\":\"2026-03-23T09:27:53+00:00\",\"dateModified\":\"2026-04-01T17:13:15+00:00\",\"description\":\"Regel eenvoudig je salarisadministratie en personeelszaken in Nederland, met duidelijke ondersteuning voor Poolse werknemers en ondernemers.\",\"breadcrumb\":{\"@id\":\"https:\\\/\\\/appoladvies.nl\\\/personeel-en-salarisadministratie\\\/#breadcrumb\"},\"inLanguage\":\"pl-PL\",\"potentialAction\":[{\"@type\":\"ReadAction\",\"target\":[\"https:\\\/\\\/appoladvies.nl\\\/personeel-en-salarisadministratie\\\/\"]}]},{\"@type\":\"BreadcrumbList\",\"@id\":\"https:\\\/\\\/appoladvies.nl\\\/personeel-en-salarisadministratie\\\/#breadcrumb\",\"itemListElement\":[{\"@type\":\"ListItem\",\"position\":1,\"name\":\"Home\",\"item\":\"https:\\\/\\\/appoladvies.nl\\\/\"},{\"@type\":\"ListItem\",\"position\":2,\"name\":\"Personeel en salarisadministratie\"}]},{\"@type\":\"WebSite\",\"@id\":\"https:\\\/\\\/appoladvies.nl\\\/#website\",\"url\":\"https:\\\/\\\/appoladvies.nl\\\/\",\"name\":\"Appoladvies.nl\",\"description\":\"Administratiekantoor in Nederland voor Poolse ondernemers\",\"publisher\":{\"@id\":\"https:\\\/\\\/appoladvies.nl\\\/#organization\"},\"potentialAction\":[{\"@type\":\"SearchAction\",\"target\":{\"@type\":\"EntryPoint\",\"urlTemplate\":\"https:\\\/\\\/appoladvies.nl\\\/?s={search_term_string}\"},\"query-input\":{\"@type\":\"PropertyValueSpecification\",\"valueRequired\":true,\"valueName\":\"search_term_string\"}}],\"inLanguage\":\"pl-PL\"},{\"@type\":\"Organization\",\"@id\":\"https:\\\/\\\/appoladvies.nl\\\/#organization\",\"name\":\"Appoladvies.nl\",\"url\":\"https:\\\/\\\/appoladvies.nl\\\/\",\"logo\":{\"@type\":\"ImageObject\",\"inLanguage\":\"pl-PL\",\"@id\":\"https:\\\/\\\/appoladvies.nl\\\/#\\\/schema\\\/logo\\\/image\\\/\",\"url\":\"https:\\\/\\\/appoladvies.nl\\\/wp-content\\\/uploads\\\/2026\\\/03\\\/LOGO.png\",\"contentUrl\":\"https:\\\/\\\/appoladvies.nl\\\/wp-content\\\/uploads\\\/2026\\\/03\\\/LOGO.png\",\"width\":500,\"height\":500,\"caption\":\"Appoladvies.nl\"},\"image\":{\"@id\":\"https:\\\/\\\/appoladvies.nl\\\/#\\\/schema\\\/logo\\\/image\\\/\"}}]}<\/script>\n<!-- \/ Yoast SEO plugin. -->","yoast_head_json":{"title":"Salarisadministratie en personeel Nederland AppolAdvies","description":"Regel eenvoudig je salarisadministratie en personeelszaken in Nederland, met duidelijke ondersteuning voor Poolse werknemers en ondernemers.","robots":{"index":"index","follow":"follow","max-snippet":"max-snippet:-1","max-image-preview":"max-image-preview:large","max-video-preview":"max-video-preview:-1"},"canonical":"https:\/\/appoladvies.nl\/pl\/personeel-en-salarisadministratie\/","og_locale":"pl_PL","og_type":"article","og_title":"Salarisadministratie en personeel Nederland AppolAdvies","og_description":"Regel eenvoudig je salarisadministratie en personeelszaken in Nederland, met duidelijke ondersteuning voor Poolse werknemers en ondernemers.","og_url":"https:\/\/appoladvies.nl\/pl\/personeel-en-salarisadministratie\/","og_site_name":"Appoladvies.nl","article_modified_time":"2026-04-01T17:13:15+00:00","og_image":[{"width":1200,"height":675,"url":"https:\/\/appoladvies.nl\/wp-content\/uploads\/2026\/03\/appol_advies_img_0065.jpeg","type":"image\/jpeg"}],"schema":{"@context":"https:\/\/schema.org","@graph":[{"@type":"WebPage","@id":"https:\/\/appoladvies.nl\/personeel-en-salarisadministratie\/","url":"https:\/\/appoladvies.nl\/personeel-en-salarisadministratie\/","name":"Salarisadministratie en personeel Nederland AppolAdvies","isPartOf":{"@id":"https:\/\/appoladvies.nl\/#website"},"datePublished":"2026-03-23T09:27:53+00:00","dateModified":"2026-04-01T17:13:15+00:00","description":"Regel eenvoudig je salarisadministratie en personeelszaken in Nederland, met duidelijke ondersteuning voor Poolse werknemers en ondernemers.","breadcrumb":{"@id":"https:\/\/appoladvies.nl\/personeel-en-salarisadministratie\/#breadcrumb"},"inLanguage":"pl-PL","potentialAction":[{"@type":"ReadAction","target":["https:\/\/appoladvies.nl\/personeel-en-salarisadministratie\/"]}]},{"@type":"BreadcrumbList","@id":"https:\/\/appoladvies.nl\/personeel-en-salarisadministratie\/#breadcrumb","itemListElement":[{"@type":"ListItem","position":1,"name":"Home","item":"https:\/\/appoladvies.nl\/"},{"@type":"ListItem","position":2,"name":"Personeel en salarisadministratie"}]},{"@type":"WebSite","@id":"https:\/\/appoladvies.nl\/#website","url":"https:\/\/appoladvies.nl\/","name":"Appoladvies.nl","description":"Administratiekantoor in Nederland voor Poolse ondernemers","publisher":{"@id":"https:\/\/appoladvies.nl\/#organization"},"potentialAction":[{"@type":"SearchAction","target":{"@type":"EntryPoint","urlTemplate":"https:\/\/appoladvies.nl\/?s={search_term_string}"},"query-input":{"@type":"PropertyValueSpecification","valueRequired":true,"valueName":"search_term_string"}}],"inLanguage":"pl-PL"},{"@type":"Organization","@id":"https:\/\/appoladvies.nl\/#organization","name":"Appoladvies.nl","url":"https:\/\/appoladvies.nl\/","logo":{"@type":"ImageObject","inLanguage":"pl-PL","@id":"https:\/\/appoladvies.nl\/#\/schema\/logo\/image\/","url":"https:\/\/appoladvies.nl\/wp-content\/uploads\/2026\/03\/LOGO.png","contentUrl":"https:\/\/appoladvies.nl\/wp-content\/uploads\/2026\/03\/LOGO.png","width":500,"height":500,"caption":"Appoladvies.nl"},"image":{"@id":"https:\/\/appoladvies.nl\/#\/schema\/logo\/image\/"}}]}},"_links":{"self":[{"href":"https:\/\/appoladvies.nl\/pl\/wp-json\/wp\/v2\/pages\/60","targetHints":{"allow":["GET"]}}],"collection":[{"href":"https:\/\/appoladvies.nl\/pl\/wp-json\/wp\/v2\/pages"}],"about":[{"href":"https:\/\/appoladvies.nl\/pl\/wp-json\/wp\/v2\/types\/page"}],"author":[{"embeddable":true,"href":"https:\/\/appoladvies.nl\/pl\/wp-json\/wp\/v2\/users\/2"}],"replies":[{"embeddable":true,"href":"https:\/\/appoladvies.nl\/pl\/wp-json\/wp\/v2\/comments?post=60"}],"version-history":[{"count":1,"href":"https:\/\/appoladvies.nl\/pl\/wp-json\/wp\/v2\/pages\/60\/revisions"}],"predecessor-version":[{"id":660,"href":"https:\/\/appoladvies.nl\/pl\/wp-json\/wp\/v2\/pages\/60\/revisions\/660"}],"wp:attachment":[{"href":"https:\/\/appoladvies.nl\/pl\/wp-json\/wp\/v2\/media?parent=60"}],"curies":[{"name":"wp","href":"https:\/\/api.w.org\/{rel}","templated":true}]}}