{"id":58,"date":"2026-03-23T10:27:45","date_gmt":"2026-03-23T09:27:45","guid":{"rendered":"https:\/\/appoladvies.nl\/?page_id=58"},"modified":"2026-04-01T19:07:51","modified_gmt":"2026-04-01T17:07:51","slug":"bedrijfsadvies","status":"publish","type":"page","link":"https:\/\/appoladvies.nl\/pl\/bedrijfsadvies\/","title":{"rendered":"Doradztwo biznesowe"},"content":{"rendered":"<div id=\"gap-20499541\" class=\"gap-element clearfix\" style=\"display:block; height:auto;\">\n\t\t\n<style>\n#gap-20499541 {\n  padding-top: 45px;\n}\n@media (min-width:550px) {\n  #gap-20499541 {\n    padding-top: 60px;\n  }\n}\n<\/style>\n\t<\/div>\n\t\n<div class=\"row\"  id=\"row-2070033510\">\n\n\t<div id=\"col-1798674767\" class=\"col medium-12 small-12 large-12\"  >\n\t\t\t\t<div class=\"col-inner\"  >\n\t\t\t\n\t\t\t\n<h2> Doradztwo biznesowe<br \/>\n<\/h2>\n\n<nav class=\"material-breadcrumb\"><a href=\"https:\/\/appoladvies.nl\/pl\/\" class=\"mb-item home-icon\">\n        <span class=\"material-icons\">home<\/span>\n    <\/a><span class=\"mb-sep\">\u203a<\/span><span class=\"mb-item current\">Doradztwo biznesowe<\/span><\/nav>\n\n\t<div id=\"gap-1164008687\" class=\"gap-element clearfix\" style=\"display:block; height:auto;\">\n\t\t\n<style>\n#gap-1164008687 {\n  padding-top: 30px;\n}\n<\/style>\n\t<\/div>\n\t\n\t\t<\/div>\n\t\t\t\t\n<style>\n#col-1798674767 > .col-inner {\n  padding: 0px 0px 0px 0px;\n}\n<\/style>\n\t<\/div>\n\n\t\n<\/div>\n<div class=\"row align-middle\"  id=\"row-299389420\">\n\n\t<div id=\"col-1973972420\" class=\"col medium-12 small-12 large-7\"  >\n\t\t\t\t<div class=\"col-inner\"  >\n\t\t\t\n\t\t\t\n\t<div id=\"text-1977660932\" class=\"text ux-bullets\">\n\t\t\n<h1>Doradztwo dla Twojej firmy<\/h1>\n<ul>\n<li>Strategie rozwoju<\/li>\n<li>Tworzenie i zmiany modeli biznesowych<\/li>\n<li>Doskonalenie system\u00f3w organizacyjno-zarz\u0105dzaj\u0105cych<\/li>\n<li>Optymalizacja proces\u00f3w biznesowych i proces\u00f3w wsparcia<\/li>\n<li>Rozw\u00f3j potencja\u0142u innowacyjnego<\/li>\n<li>Biznesplany i studia op\u0142acalno\u015bci<\/li>\n<li>Przygotowanie rodziny i firmy do sukcesji<\/li>\n<\/ul>\n\t\t\t<\/div>\n\t\n<a href=\"\/pl\/contact\/\" class=\"button primary\" >\n\t\t<span>Wi\u0119cej informacji<\/span>\n\t<\/a>\n\n\t\t<\/div>\n\t\t\t\t\n<style>\n#col-1973972420 > .col-inner {\n  padding: 0px 0px 0px 0px;\n}\n@media (min-width:550px) {\n  #col-1973972420 > .col-inner {\n    padding: 0px 0px 0px 0px;\n  }\n}\n@media (min-width:850px) {\n  #col-1973972420 > .col-inner {\n    padding: 0px 46px 0px 0px;\n  }\n}\n<\/style>\n\t<\/div>\n\n\t\n\n\t<div id=\"col-198604709\" class=\"col acc-css medium-12 small-12 large-5\"  >\n\t\t\t\t<div class=\"col-inner\"  >\n\t\t\t\n\t\t\t\n\n  <div class=\"banner has-hover cust-radius has-parallax\" id=\"banner-1891848749\">\n          <div class=\"banner-inner fill\">\n        <div class=\"banner-bg fill\" data-parallax=\"-1\" data-parallax-container=\".banner\" data-parallax-background>\n                                                \n                    <\/div>\n\t\t\n        <div class=\"banner-layers container\">\n            <div class=\"fill banner-link\"><\/div>            \n        <\/div>\n      <\/div>\n\n            \n<style>\n#banner-1891848749 {\n  padding-top: 99.99%;\n  background-color: rgba(255, 255, 255, 0);\n}\n#banner-1891848749 .banner-bg img {\n  object-position: 44% 13%;\n}\n@media (min-width:550px) {\n  #banner-1891848749 {\n    padding-top: 99.99%;\n  }\n}\n<\/style>\n  <\/div>\n\n\n\t\t<\/div>\n\t\t\t\t\t<\/div>\n\n\t\n<\/div>\n<div class=\"row row-collapse\"  id=\"row-69321837\">\n\n\n\t<div id=\"col-1865337493\" class=\"col small-12 large-12\"  >\n\t\t\t\t<div class=\"col-inner\"  >\n\t\t\t\n\t\t\t\n\n\n\n<div class=\"wbt-wrapper\">\r\n    <div class=\"wbt-divider\">\r\n        <div class=\"wbt-divider-line\"><\/div>\r\n        <div class=\"wbt-divider-dot\">\u25cf<\/div>\r\n        <div class=\"wbt-divider-line\"><\/div>\r\n    <\/div>\r\n<\/div>\n\n\n\t\t<\/div>\n\t\t\t\t\n<style>\n#col-1865337493 > .col-inner {\n  padding: 0px 15px 0px 15px;\n}\n@media (min-width:550px) {\n  #col-1865337493 > .col-inner {\n    padding: 0px 15px 0px 15px;\n  }\n}\n@media (min-width:850px) {\n  #col-1865337493 > .col-inner {\n    padding: 0px 15px 0px 15px;\n  }\n}\n<\/style>\n\t<\/div>\n\n\t\n\n<\/div>\n\t<div id=\"gap-463548046\" class=\"gap-element clearfix\" style=\"display:block; height:auto;\">\n\t\t\n<style>\n#gap-463548046 {\n  padding-top: 30px;\n}\n<\/style>\n\t<\/div>\n\t\n<div class=\"row align-middle\"  id=\"row-226986218\">\n\n\t<div id=\"col-598820264\" class=\"col acc-css medium-12 small-12 large-4\"  >\n\t\t\t\t<div class=\"col-inner\"  >\n\t\t\t\n\t\t\t\n\n  <div class=\"banner has-hover cust-radius has-parallax\" id=\"banner-659621779\">\n          <div class=\"banner-inner fill\">\n        <div class=\"banner-bg fill\" data-parallax=\"-1\" data-parallax-container=\".banner\" data-parallax-background>\n                                                \n                    <\/div>\n\t\t\n        <div class=\"banner-layers container\">\n            <div class=\"fill banner-link\"><\/div>            \n        <\/div>\n      <\/div>\n\n            \n<style>\n#banner-659621779 {\n  padding-top: 99.99%;\n  background-color: rgba(255, 255, 255, 0);\n}\n#banner-659621779 .banner-bg img {\n  object-position: 44% 13%;\n}\n@media (min-width:550px) {\n  #banner-659621779 {\n    padding-top: 99.99%;\n  }\n}\n<\/style>\n  <\/div>\n\n\n\t\t<\/div>\n\t\t\t\t\t<\/div>\n\n\t\n\n\t<div id=\"col-690941352\" class=\"col medium-12 small-12 large-8 small-col-first\"  >\n\t\t\t\t<div class=\"col-inner\"  >\n\t\t\t\n\t\t\t\n<h2>Profesjonalne doradztwo dla firm<\/h2>\n<p>Prowadzenie firmy nie jest \u0142atwe i mo\u017ce si\u0119 o tym przekona\u0107 ka\u017cdy przedsi\u0119biorca, niezale\u017cnie od tego, czy prowadzi jednoosobow\u0105 dzia\u0142alno\u015b\u0107, czy zatrudnia kilku lub kilkunastu pracownik\u00f3w. Doradztwo biznesowe jest cz\u0119sto jedn\u0105 z najskuteczniejszych form wsparcia, dzi\u0119ki kt\u00f3rej firma mo\u017ce si\u0119 rozwija\u0107, pokonywa\u0107 swoje s\u0142abo\u015bci i stawa\u0107 si\u0119 coraz bardziej konkurencyjna. Korzystaj\u0105c z pomocy do\u015bwiadczonych specjalist\u00f3w, mo\u017cna uzyska\u0107 wiele cennych wskaz\u00f3wek i porad. Wdro\u017cone w praktyce mog\u0105 znacz\u0105co poprawi\u0107 zar\u00f3wno prac\u0119, jak i jej efekty, co przek\u0142ada si\u0119 na coraz lepsze wyniki finansowe przedsi\u0119biorstwa.<\/p>\n\t\t<\/div>\n\t\t\t\t\n<style>\n#col-690941352 > .col-inner {\n  padding: 0px 0px 0px 0px;\n}\n<\/style>\n\t<\/div>\n\n\t\n<\/div>\n<div class=\"row row-collapse\"  id=\"row-2065326921\">\n\n\n\t<div id=\"col-2107673514\" class=\"col small-12 large-12\"  >\n\t\t\t\t<div class=\"col-inner\"  >\n\t\t\t\n\t\t\t\n\n\n\n<div class=\"wbt-wrapper\">\r\n    <div class=\"wbt-divider\">\r\n        <div class=\"wbt-divider-line\"><\/div>\r\n        <div class=\"wbt-divider-dot\">\u25cf<\/div>\r\n        <div class=\"wbt-divider-line\"><\/div>\r\n    <\/div>\r\n<\/div>\n\n\n\t\t<\/div>\n\t\t\t\t\n<style>\n#col-2107673514 > .col-inner {\n  padding: 0px 15px 0px 15px;\n}\n@media (min-width:550px) {\n  #col-2107673514 > .col-inner {\n    padding: 0px 15px 0px 15px;\n  }\n}\n@media (min-width:850px) {\n  #col-2107673514 > .col-inner {\n    padding: 0px 15px 0px 15px;\n  }\n}\n<\/style>\n\t<\/div>\n\n\t\n\n<\/div>\n\t<div id=\"gap-969613924\" class=\"gap-element clearfix\" style=\"display:block; height:auto;\">\n\t\t\n<style>\n#gap-969613924 {\n  padding-top: 30px;\n}\n<\/style>\n\t<\/div>\n\t\n<div class=\"row align-middle\"  id=\"row-417332430\">\n\n\t<div id=\"col-345297381\" class=\"col medium-12 small-12 large-8 small-col-first\"  >\n\t\t\t\t<div class=\"col-inner\"  >\n\t\t\t\n\t\t\t\n<h2>Strategie rozwoju<\/h2>\n<p>W jakiej fazie rozwoju znajduje si\u0119 Twoja organizacja? Czy dostrzegasz w swojej dzia\u0142alno\u015bci mo\u017cliwo\u015bci rozwoju \u2013 niezaspokojone potrzeby klient\u00f3w, nowe rynki, innowacyjne pomys\u0142y? Czy nast\u0105pi\u0142y niekorzystne zmiany w pozycji rynkowej? A mo\u017ce problemem jest okre\u015blenie oferty produkt\u00f3w i us\u0142ug oraz poziomu mar\u017c? Czy masz trudno\u015bci z odpowiednim reagowaniem na zmieniaj\u0105ce si\u0119 potrzeby obecnych lub potencjalnych klient\u00f3w? A mo\u017ce wzros\u0142y koszty i nieefektywno\u015b\u0107 dzia\u0142alno\u015bci? <\/p>\n<p>Jak powiedzia\u0142 Henry Kissinger: \u201eJe\u017celi nie wiesz, dok\u0105d zmierzasz, ka\u017cda droga zaprowadzi Ci\u0119 donik\u0105d\u201d. Innymi s\u0142owy \u2013 strategia to droga prowadz\u0105ca do okre\u015blonych cel\u00f3w.<\/p>\n<a href=\"\/pl\/afspraak-maken\/\" class=\"button secondary\" >\n\t\t<span>Um\u00f3w spotkanie<\/span>\n\t<\/a>\n\n\t\t<\/div>\n\t\t\t\t\n<style>\n#col-345297381 > .col-inner {\n  padding: 0px 0px 0px 0px;\n}\n<\/style>\n\t<\/div>\n\n\t\n\n\t<div id=\"col-1440183249\" class=\"col acc-css medium-12 small-12 large-4\"  >\n\t\t\t\t<div class=\"col-inner\"  >\n\t\t\t\n\t\t\t\n\n  <div class=\"banner has-hover cust-radius has-parallax\" id=\"banner-93421300\">\n          <div class=\"banner-inner fill\">\n        <div class=\"banner-bg fill\" data-parallax=\"-1\" data-parallax-container=\".banner\" data-parallax-background>\n                                                \n                    <\/div>\n\t\t\n        <div class=\"banner-layers container\">\n            <div class=\"fill banner-link\"><\/div>            \n        <\/div>\n      <\/div>\n\n            \n<style>\n#banner-93421300 {\n  padding-top: 99.99%;\n  background-color: rgba(255, 255, 255, 0);\n}\n#banner-93421300 .banner-bg img {\n  object-position: 44% 13%;\n}\n@media (min-width:550px) {\n  #banner-93421300 {\n    padding-top: 99.99%;\n  }\n}\n<\/style>\n  <\/div>\n\n\n\t\t<\/div>\n\t\t\t\t\t<\/div>\n\n\t\n<\/div>\n\t<div id=\"gap-228096452\" class=\"gap-element clearfix\" style=\"display:block; height:auto;\">\n\t\t\n<style>\n#gap-228096452 {\n  padding-top: 30px;\n}\n@media (min-width:550px) {\n  #gap-228096452 {\n    padding-top: 45px;\n  }\n}\n<\/style>\n\t<\/div>\n\t\n<div class=\"row\"  id=\"row-1997316374\">\n\n\n\t<div id=\"col-26153059\" class=\"col small-12 large-12\"  data-animate=\"bounceInUp\">\n\t\t\t\t<div class=\"col-inner\"  >\n\t\t\t\n\t\t\t\n\n<div class=\"message-box relative mssg-bx dark\" ><div class=\"message-box-bg-image bg-fill fill\" ><\/div><div class=\"message-box-bg-overlay bg-fill fill\" style=\"background-color:#f97316;\"><\/div><div class=\"container relative\"><div class=\"inner last-reset\">\n\n<div class=\"row row-collapse align-middle align-center\"  id=\"row-87072989\">\n\n\n\t<div id=\"col-1606268074\" class=\"col medium-12 small-12 large-7\"  >\n\t\t\t\t<div class=\"col-inner text-center\"  >\n\t\t\t\n\t\t\t\n\n\n  <div class=\"banner has-hover cust-radius\" id=\"banner-1759606703\">\n          <div class=\"banner-inner fill\">\n        <div class=\"banner-bg fill\" >\n                                    <div class=\"overlay\"><\/div>            \n                    <\/div>\n\t\t\n        <div class=\"banner-layers container\">\n            <div class=\"fill banner-link\"><\/div>            \n\n\n        <\/div>\n      <\/div>\n\n            \n<style>\n#banner-1759606703 {\n  padding-top: 360px;\n  background-color: rgba(255, 255, 255, 0);\n}\n#banner-1759606703 .overlay {\n  background-color: rgba(0, 0, 0, 0.023);\n}\n#banner-1759606703 .banner-bg img {\n  object-position: 25% 45%;\n}\n@media (min-width:550px) {\n  #banner-1759606703 {\n    padding-top: 461px;\n  }\n}\n<\/style>\n  <\/div>\n\n\n\n\t\t<\/div>\n\t\t\t\t\t<\/div>\n\n\t\n\n\t<div id=\"col-9648680\" class=\"col medium-12 small-12 large-5\"  >\n\t\t\t\t<div class=\"col-inner\"  >\n\t\t\t\n\t\t\t\n\n\t<div id=\"gap-812872514\" class=\"gap-element clearfix\" style=\"display:block; height:auto;\">\n\t\t\n<style>\n#gap-812872514 {\n  padding-top: 45px;\n}\n@media (min-width:550px) {\n  #gap-812872514 {\n    padding-top: 30px;\n  }\n}\n<\/style>\n\t<\/div>\n\t\n\n\t<div id=\"text-95123828\" class=\"text\">\n\t\t\n\n<h4>Gotowy na poznanie nas?<\/h4>\n\t\t\n<style>\n#text-95123828 {\n  font-size: 1.75rem;\n  line-height: 1.15;\n}\n@media (min-width:550px) {\n  #text-95123828 {\n    font-size: 2.05rem;\n    line-height: 1.15;\n  }\n}\n<\/style>\n\t<\/div>\n\t\n\t<div id=\"gap-1395285685\" class=\"gap-element clearfix\" style=\"display:block; height:auto;\">\n\t\t\n<style>\n#gap-1395285685 {\n  padding-top: 15px;\n}\n<\/style>\n\t<\/div>\n\t\n\n<p>Um\u00f3w si\u0119 na niezobowi\u0105zuj\u0105c\u0105 konsultacj\u0119. W 15 minut om\u00f3wimy Twoj\u0105 sytuacj\u0119 i mo\u017cliwo\u015bci. Wolisz spotkanie na miejscu? Zapraszamy do jednego z naszych biur.<\/p>\n\t<div id=\"gap-463364030\" class=\"gap-element clearfix\" style=\"display:block; height:auto;\">\n\t\t\n<style>\n#gap-463364030 {\n  padding-top: 15px;\n}\n<\/style>\n\t<\/div>\n\t\n\n\t<div id=\"stack-1403108366\" class=\"stack stack-col justify-start items-start\">\n\t\t\n\n<a href=\"\/pl\/afspraak-maken\/\" class=\"button white\" >\n\t\t<span>Um\u00f3w spotkanie<\/span>\n\t<i class=\"icon-expand\" aria-hidden=\"true\"><\/i><\/a>\n\n\n<a href=\"tel:+317136453461\" class=\"button white wbt-hvr\" >\n\t<i class=\"icon-phone\" aria-hidden=\"true\"><\/i>\t<span>+31 (0) 713 645 346<\/span>\n\t<\/a>\n\n\n\n\t\t\n<style>\n#stack-1403108366 > * {\n  --stack-gap: 0.5rem;\n}\n<\/style>\n\t<\/div>\n\t\n\t<div id=\"gap-823130739\" class=\"gap-element clearfix\" style=\"display:block; height:auto;\">\n\t\t\n<style>\n#gap-823130739 {\n  padding-top: 40px;\n}\n@media (min-width:550px) {\n  #gap-823130739 {\n    padding-top: 30px;\n  }\n}\n<\/style>\n\t<\/div>\n\t\n\n\n\t\t<\/div>\n\t\t\t\t\n<style>\n#col-9648680 > .col-inner {\n  padding: 0px 30px 0px 30px;\n}\n@media (min-width:550px) {\n  #col-9648680 > .col-inner {\n    padding: 0px 45px 0px 46px;\n  }\n}\n<\/style>\n\t<\/div>\n\n\t\n\n<\/div>\n\n<\/div><\/div><\/div>\n\n\t\t<\/div>\n\t\t\t\t\n<style>\n#col-26153059 > .col-inner {\n  border-radius: 16px;\n}\n<\/style>\n\t<\/div>\n\n\t\n\n<\/div>\n\t<div id=\"gap-1831684582\" class=\"gap-element clearfix\" style=\"display:block; height:auto;\">\n\t\t\n<style>\n#gap-1831684582 {\n  padding-top: 30px;\n}\n@media (min-width:550px) {\n  #gap-1831684582 {\n    padding-top: 30px;\n  }\n}\n<\/style>\n\t<\/div>","protected":false},"excerpt":{"rendered":"","protected":false},"author":2,"featured_media":0,"parent":0,"menu_order":0,"comment_status":"closed","ping_status":"closed","template":"page-blank.php","meta":{"footnotes":""},"class_list":["post-58","page","type-page","status-publish","hentry"],"yoast_head":"<!-- This site is optimized with the Yoast SEO plugin v27.4 - https:\/\/yoast.com\/product\/yoast-seo-wordpress\/ -->\n<title>Bedrijfsadvies Nederland AppolAdvies<\/title>\n<meta name=\"description\" content=\"Professioneel advies voor ondernemers in Nederland op het gebied van financi\u00ebn en strategie, ook voor Poolse klanten.\" \/>\n<meta name=\"robots\" content=\"index, follow, max-snippet:-1, max-image-preview:large, max-video-preview:-1\" \/>\n<link rel=\"canonical\" href=\"https:\/\/appoladvies.nl\/pl\/bedrijfsadvies\/\" \/>\n<meta property=\"og:locale\" content=\"pl_PL\" \/>\n<meta property=\"og:type\" content=\"article\" \/>\n<meta property=\"og:title\" content=\"Bedrijfsadvies Nederland AppolAdvies\" \/>\n<meta property=\"og:description\" content=\"Professioneel advies voor ondernemers in Nederland op het gebied van financi\u00ebn en strategie, ook voor Poolse klanten.\" \/>\n<meta property=\"og:url\" content=\"https:\/\/appoladvies.nl\/pl\/bedrijfsadvies\/\" \/>\n<meta property=\"og:site_name\" content=\"Appoladvies.nl\" \/>\n<meta property=\"article:modified_time\" content=\"2026-04-01T17:07:51+00:00\" \/>\n<meta property=\"og:image\" content=\"https:\/\/appoladvies.nl\/wp-content\/uploads\/2026\/03\/bedrijfsadviesappol_advies_img_00543.jpg\" \/>\n\t<meta property=\"og:image:width\" content=\"1200\" \/>\n\t<meta property=\"og:image:height\" content=\"801\" \/>\n\t<meta property=\"og:image:type\" content=\"image\/jpeg\" \/>\n<script type=\"application\/ld+json\" class=\"yoast-schema-graph\">{\"@context\":\"https:\\\/\\\/schema.org\",\"@graph\":[{\"@type\":\"WebPage\",\"@id\":\"https:\\\/\\\/appoladvies.nl\\\/bedrijfsadvies\\\/\",\"url\":\"https:\\\/\\\/appoladvies.nl\\\/bedrijfsadvies\\\/\",\"name\":\"Bedrijfsadvies Nederland AppolAdvies\",\"isPartOf\":{\"@id\":\"https:\\\/\\\/appoladvies.nl\\\/#website\"},\"datePublished\":\"2026-03-23T09:27:45+00:00\",\"dateModified\":\"2026-04-01T17:07:51+00:00\",\"description\":\"Professioneel advies voor ondernemers in Nederland op het gebied van financi\u00ebn en strategie, ook voor Poolse klanten.\",\"breadcrumb\":{\"@id\":\"https:\\\/\\\/appoladvies.nl\\\/bedrijfsadvies\\\/#breadcrumb\"},\"inLanguage\":\"pl-PL\",\"potentialAction\":[{\"@type\":\"ReadAction\",\"target\":[\"https:\\\/\\\/appoladvies.nl\\\/bedrijfsadvies\\\/\"]}]},{\"@type\":\"BreadcrumbList\",\"@id\":\"https:\\\/\\\/appoladvies.nl\\\/bedrijfsadvies\\\/#breadcrumb\",\"itemListElement\":[{\"@type\":\"ListItem\",\"position\":1,\"name\":\"Home\",\"item\":\"https:\\\/\\\/appoladvies.nl\\\/\"},{\"@type\":\"ListItem\",\"position\":2,\"name\":\"Bedrijfsadvies\"}]},{\"@type\":\"WebSite\",\"@id\":\"https:\\\/\\\/appoladvies.nl\\\/#website\",\"url\":\"https:\\\/\\\/appoladvies.nl\\\/\",\"name\":\"Appoladvies.nl\",\"description\":\"Administratiekantoor in Nederland voor Poolse ondernemers\",\"publisher\":{\"@id\":\"https:\\\/\\\/appoladvies.nl\\\/#organization\"},\"potentialAction\":[{\"@type\":\"SearchAction\",\"target\":{\"@type\":\"EntryPoint\",\"urlTemplate\":\"https:\\\/\\\/appoladvies.nl\\\/?s={search_term_string}\"},\"query-input\":{\"@type\":\"PropertyValueSpecification\",\"valueRequired\":true,\"valueName\":\"search_term_string\"}}],\"inLanguage\":\"pl-PL\"},{\"@type\":\"Organization\",\"@id\":\"https:\\\/\\\/appoladvies.nl\\\/#organization\",\"name\":\"Appoladvies.nl\",\"url\":\"https:\\\/\\\/appoladvies.nl\\\/\",\"logo\":{\"@type\":\"ImageObject\",\"inLanguage\":\"pl-PL\",\"@id\":\"https:\\\/\\\/appoladvies.nl\\\/#\\\/schema\\\/logo\\\/image\\\/\",\"url\":\"https:\\\/\\\/appoladvies.nl\\\/wp-content\\\/uploads\\\/2026\\\/03\\\/LOGO.png\",\"contentUrl\":\"https:\\\/\\\/appoladvies.nl\\\/wp-content\\\/uploads\\\/2026\\\/03\\\/LOGO.png\",\"width\":500,\"height\":500,\"caption\":\"Appoladvies.nl\"},\"image\":{\"@id\":\"https:\\\/\\\/appoladvies.nl\\\/#\\\/schema\\\/logo\\\/image\\\/\"}}]}<\/script>\n<!-- \/ Yoast SEO plugin. -->","yoast_head_json":{"title":"Bedrijfsadvies Nederland AppolAdvies","description":"Professioneel advies voor ondernemers in Nederland op het gebied van financi\u00ebn en strategie, ook voor Poolse klanten.","robots":{"index":"index","follow":"follow","max-snippet":"max-snippet:-1","max-image-preview":"max-image-preview:large","max-video-preview":"max-video-preview:-1"},"canonical":"https:\/\/appoladvies.nl\/pl\/bedrijfsadvies\/","og_locale":"pl_PL","og_type":"article","og_title":"Bedrijfsadvies Nederland AppolAdvies","og_description":"Professioneel advies voor ondernemers in Nederland op het gebied van financi\u00ebn en strategie, ook voor Poolse klanten.","og_url":"https:\/\/appoladvies.nl\/pl\/bedrijfsadvies\/","og_site_name":"Appoladvies.nl","article_modified_time":"2026-04-01T17:07:51+00:00","og_image":[{"width":1200,"height":801,"url":"https:\/\/appoladvies.nl\/wp-content\/uploads\/2026\/03\/bedrijfsadviesappol_advies_img_00543.jpg","type":"image\/jpeg"}],"schema":{"@context":"https:\/\/schema.org","@graph":[{"@type":"WebPage","@id":"https:\/\/appoladvies.nl\/bedrijfsadvies\/","url":"https:\/\/appoladvies.nl\/bedrijfsadvies\/","name":"Bedrijfsadvies Nederland AppolAdvies","isPartOf":{"@id":"https:\/\/appoladvies.nl\/#website"},"datePublished":"2026-03-23T09:27:45+00:00","dateModified":"2026-04-01T17:07:51+00:00","description":"Professioneel advies voor ondernemers in Nederland op het gebied van financi\u00ebn en strategie, ook voor Poolse klanten.","breadcrumb":{"@id":"https:\/\/appoladvies.nl\/bedrijfsadvies\/#breadcrumb"},"inLanguage":"pl-PL","potentialAction":[{"@type":"ReadAction","target":["https:\/\/appoladvies.nl\/bedrijfsadvies\/"]}]},{"@type":"BreadcrumbList","@id":"https:\/\/appoladvies.nl\/bedrijfsadvies\/#breadcrumb","itemListElement":[{"@type":"ListItem","position":1,"name":"Home","item":"https:\/\/appoladvies.nl\/"},{"@type":"ListItem","position":2,"name":"Bedrijfsadvies"}]},{"@type":"WebSite","@id":"https:\/\/appoladvies.nl\/#website","url":"https:\/\/appoladvies.nl\/","name":"Appoladvies.nl","description":"Administratiekantoor in Nederland voor Poolse ondernemers","publisher":{"@id":"https:\/\/appoladvies.nl\/#organization"},"potentialAction":[{"@type":"SearchAction","target":{"@type":"EntryPoint","urlTemplate":"https:\/\/appoladvies.nl\/?s={search_term_string}"},"query-input":{"@type":"PropertyValueSpecification","valueRequired":true,"valueName":"search_term_string"}}],"inLanguage":"pl-PL"},{"@type":"Organization","@id":"https:\/\/appoladvies.nl\/#organization","name":"Appoladvies.nl","url":"https:\/\/appoladvies.nl\/","logo":{"@type":"ImageObject","inLanguage":"pl-PL","@id":"https:\/\/appoladvies.nl\/#\/schema\/logo\/image\/","url":"https:\/\/appoladvies.nl\/wp-content\/uploads\/2026\/03\/LOGO.png","contentUrl":"https:\/\/appoladvies.nl\/wp-content\/uploads\/2026\/03\/LOGO.png","width":500,"height":500,"caption":"Appoladvies.nl"},"image":{"@id":"https:\/\/appoladvies.nl\/#\/schema\/logo\/image\/"}}]}},"_links":{"self":[{"href":"https:\/\/appoladvies.nl\/pl\/wp-json\/wp\/v2\/pages\/58","targetHints":{"allow":["GET"]}}],"collection":[{"href":"https:\/\/appoladvies.nl\/pl\/wp-json\/wp\/v2\/pages"}],"about":[{"href":"https:\/\/appoladvies.nl\/pl\/wp-json\/wp\/v2\/types\/page"}],"author":[{"embeddable":true,"href":"https:\/\/appoladvies.nl\/pl\/wp-json\/wp\/v2\/users\/2"}],"replies":[{"embeddable":true,"href":"https:\/\/appoladvies.nl\/pl\/wp-json\/wp\/v2\/comments?post=58"}],"version-history":[{"count":1,"href":"https:\/\/appoladvies.nl\/pl\/wp-json\/wp\/v2\/pages\/58\/revisions"}],"predecessor-version":[{"id":661,"href":"https:\/\/appoladvies.nl\/pl\/wp-json\/wp\/v2\/pages\/58\/revisions\/661"}],"wp:attachment":[{"href":"https:\/\/appoladvies.nl\/pl\/wp-json\/wp\/v2\/media?parent=58"}],"curies":[{"name":"wp","href":"https:\/\/api.w.org\/{rel}","templated":true}]}}