{"id":18,"date":"2026-03-03T10:49:36","date_gmt":"2026-03-03T09:49:36","guid":{"rendered":"https:\/\/appoladvies.nl\/?page_id=18"},"modified":"2026-04-01T18:55:35","modified_gmt":"2026-04-01T16:55:35","slug":"bedankt-voor-je-bericht","status":"publish","type":"page","link":"https:\/\/appoladvies.nl\/pl\/bedankt-voor-je-bericht\/","title":{"rendered":"Bedankt voor je bericht"},"content":{"rendered":"<section class=\"section\" id=\"section_10048718\">\n\t\t<div class=\"section-bg fill\" >\n\t\t\t\t\t\t\t\t\t\n\t\t\t\n\n\t\t<\/div>\n\n\t\t\n\n\t\t<div class=\"section-content relative\">\n\t\t\t\n<div class=\"row\"  id=\"row-39499404\">\n\n\t<div id=\"col-1079980867\" class=\"col medium-10 small-12 large-8\"  >\n\t\t\t\t<div class=\"col-inner text-left\"  >\n\t\t\t\n\t\t\t\n<h2>Dzi\u0119kujemy za Twoj\u0105 wiadomo\u015b\u0107!<\/h2>\n<p>Wkr\u00f3tce si\u0119 z Tob\u0105 skontaktujemy i ch\u0119tnie pomo\u017cemy dalej.<\/p>\n\t\t<\/div>\n\t\t\t\t\t<\/div>\n\n\t\n<\/div>\n\t\t<\/div>\n\n\t\t\n<style>\n#section_10048718 {\n  padding-top: 50px;\n  padding-bottom: 50px;\n  min-height: 0px;\n}\n@media (min-width:550px) {\n  #section_10048718 {\n    padding-top: 150px;\n    padding-bottom: 150px;\n    min-height: 300px;\n  }\n}\n<\/style>\n\t<\/section>","protected":false},"excerpt":{"rendered":"","protected":false},"author":2,"featured_media":0,"parent":0,"menu_order":0,"comment_status":"closed","ping_status":"closed","template":"page-blank.php","meta":{"footnotes":""},"class_list":["post-18","page","type-page","status-publish","hentry"],"yoast_head":"<!-- This site is optimized with the Yoast SEO plugin v27.4 - https:\/\/yoast.com\/product\/yoast-seo-wordpress\/ -->\n<title>Bedankt voor je bericht - Appoladvies.nl<\/title>\n<meta name=\"robots\" content=\"noindex, follow\" \/>\n<meta property=\"og:locale\" content=\"pl_PL\" \/>\n<meta property=\"og:type\" content=\"article\" \/>\n<meta property=\"og:title\" content=\"Bedankt voor je bericht - Appoladvies.nl\" \/>\n<meta property=\"og:url\" content=\"https:\/\/appoladvies.nl\/pl\/bedankt-voor-je-bericht\/\" \/>\n<meta property=\"og:site_name\" content=\"Appoladvies.nl\" \/>\n<meta property=\"article:modified_time\" content=\"2026-04-01T16:55:35+00:00\" \/>\n<script type=\"application\/ld+json\" class=\"yoast-schema-graph\">{\"@context\":\"https:\\\/\\\/schema.org\",\"@graph\":[{\"@type\":\"WebPage\",\"@id\":\"https:\\\/\\\/appoladvies.nl\\\/bedankt-voor-je-bericht\\\/\",\"url\":\"https:\\\/\\\/appoladvies.nl\\\/bedankt-voor-je-bericht\\\/\",\"name\":\"Bedankt voor je bericht - Appoladvies.nl\",\"isPartOf\":{\"@id\":\"https:\\\/\\\/appoladvies.nl\\\/#website\"},\"datePublished\":\"2026-03-03T09:49:36+00:00\",\"dateModified\":\"2026-04-01T16:55:35+00:00\",\"breadcrumb\":{\"@id\":\"https:\\\/\\\/appoladvies.nl\\\/bedankt-voor-je-bericht\\\/#breadcrumb\"},\"inLanguage\":\"pl-PL\",\"potentialAction\":[{\"@type\":\"ReadAction\",\"target\":[\"https:\\\/\\\/appoladvies.nl\\\/bedankt-voor-je-bericht\\\/\"]}]},{\"@type\":\"BreadcrumbList\",\"@id\":\"https:\\\/\\\/appoladvies.nl\\\/bedankt-voor-je-bericht\\\/#breadcrumb\",\"itemListElement\":[{\"@type\":\"ListItem\",\"position\":1,\"name\":\"Home\",\"item\":\"https:\\\/\\\/appoladvies.nl\\\/\"},{\"@type\":\"ListItem\",\"position\":2,\"name\":\"Bedankt voor je bericht\"}]},{\"@type\":\"WebSite\",\"@id\":\"https:\\\/\\\/appoladvies.nl\\\/#website\",\"url\":\"https:\\\/\\\/appoladvies.nl\\\/\",\"name\":\"Appoladvies.nl\",\"description\":\"Administratiekantoor in Nederland voor Poolse ondernemers\",\"publisher\":{\"@id\":\"https:\\\/\\\/appoladvies.nl\\\/#organization\"},\"potentialAction\":[{\"@type\":\"SearchAction\",\"target\":{\"@type\":\"EntryPoint\",\"urlTemplate\":\"https:\\\/\\\/appoladvies.nl\\\/?s={search_term_string}\"},\"query-input\":{\"@type\":\"PropertyValueSpecification\",\"valueRequired\":true,\"valueName\":\"search_term_string\"}}],\"inLanguage\":\"pl-PL\"},{\"@type\":\"Organization\",\"@id\":\"https:\\\/\\\/appoladvies.nl\\\/#organization\",\"name\":\"Appoladvies.nl\",\"url\":\"https:\\\/\\\/appoladvies.nl\\\/\",\"logo\":{\"@type\":\"ImageObject\",\"inLanguage\":\"pl-PL\",\"@id\":\"https:\\\/\\\/appoladvies.nl\\\/#\\\/schema\\\/logo\\\/image\\\/\",\"url\":\"https:\\\/\\\/appoladvies.nl\\\/wp-content\\\/uploads\\\/2026\\\/03\\\/LOGO.png\",\"contentUrl\":\"https:\\\/\\\/appoladvies.nl\\\/wp-content\\\/uploads\\\/2026\\\/03\\\/LOGO.png\",\"width\":500,\"height\":500,\"caption\":\"Appoladvies.nl\"},\"image\":{\"@id\":\"https:\\\/\\\/appoladvies.nl\\\/#\\\/schema\\\/logo\\\/image\\\/\"}}]}<\/script>\n<!-- \/ Yoast SEO plugin. -->","yoast_head_json":{"title":"Bedankt voor je bericht - Appoladvies.nl","robots":{"index":"noindex","follow":"follow"},"og_locale":"pl_PL","og_type":"article","og_title":"Bedankt voor je bericht - Appoladvies.nl","og_url":"https:\/\/appoladvies.nl\/pl\/bedankt-voor-je-bericht\/","og_site_name":"Appoladvies.nl","article_modified_time":"2026-04-01T16:55:35+00:00","schema":{"@context":"https:\/\/schema.org","@graph":[{"@type":"WebPage","@id":"https:\/\/appoladvies.nl\/bedankt-voor-je-bericht\/","url":"https:\/\/appoladvies.nl\/bedankt-voor-je-bericht\/","name":"Bedankt voor je bericht - Appoladvies.nl","isPartOf":{"@id":"https:\/\/appoladvies.nl\/#website"},"datePublished":"2026-03-03T09:49:36+00:00","dateModified":"2026-04-01T16:55:35+00:00","breadcrumb":{"@id":"https:\/\/appoladvies.nl\/bedankt-voor-je-bericht\/#breadcrumb"},"inLanguage":"pl-PL","potentialAction":[{"@type":"ReadAction","target":["https:\/\/appoladvies.nl\/bedankt-voor-je-bericht\/"]}]},{"@type":"BreadcrumbList","@id":"https:\/\/appoladvies.nl\/bedankt-voor-je-bericht\/#breadcrumb","itemListElement":[{"@type":"ListItem","position":1,"name":"Home","item":"https:\/\/appoladvies.nl\/"},{"@type":"ListItem","position":2,"name":"Bedankt voor je bericht"}]},{"@type":"WebSite","@id":"https:\/\/appoladvies.nl\/#website","url":"https:\/\/appoladvies.nl\/","name":"Appoladvies.nl","description":"Administratiekantoor in Nederland voor Poolse ondernemers","publisher":{"@id":"https:\/\/appoladvies.nl\/#organization"},"potentialAction":[{"@type":"SearchAction","target":{"@type":"EntryPoint","urlTemplate":"https:\/\/appoladvies.nl\/?s={search_term_string}"},"query-input":{"@type":"PropertyValueSpecification","valueRequired":true,"valueName":"search_term_string"}}],"inLanguage":"pl-PL"},{"@type":"Organization","@id":"https:\/\/appoladvies.nl\/#organization","name":"Appoladvies.nl","url":"https:\/\/appoladvies.nl\/","logo":{"@type":"ImageObject","inLanguage":"pl-PL","@id":"https:\/\/appoladvies.nl\/#\/schema\/logo\/image\/","url":"https:\/\/appoladvies.nl\/wp-content\/uploads\/2026\/03\/LOGO.png","contentUrl":"https:\/\/appoladvies.nl\/wp-content\/uploads\/2026\/03\/LOGO.png","width":500,"height":500,"caption":"Appoladvies.nl"},"image":{"@id":"https:\/\/appoladvies.nl\/#\/schema\/logo\/image\/"}}]}},"_links":{"self":[{"href":"https:\/\/appoladvies.nl\/pl\/wp-json\/wp\/v2\/pages\/18","targetHints":{"allow":["GET"]}}],"collection":[{"href":"https:\/\/appoladvies.nl\/pl\/wp-json\/wp\/v2\/pages"}],"about":[{"href":"https:\/\/appoladvies.nl\/pl\/wp-json\/wp\/v2\/types\/page"}],"author":[{"embeddable":true,"href":"https:\/\/appoladvies.nl\/pl\/wp-json\/wp\/v2\/users\/2"}],"replies":[{"embeddable":true,"href":"https:\/\/appoladvies.nl\/pl\/wp-json\/wp\/v2\/comments?post=18"}],"version-history":[{"count":1,"href":"https:\/\/appoladvies.nl\/pl\/wp-json\/wp\/v2\/pages\/18\/revisions"}],"predecessor-version":[{"id":732,"href":"https:\/\/appoladvies.nl\/pl\/wp-json\/wp\/v2\/pages\/18\/revisions\/732"}],"wp:attachment":[{"href":"https:\/\/appoladvies.nl\/pl\/wp-json\/wp\/v2\/media?parent=18"}],"curies":[{"name":"wp","href":"https:\/\/api.w.org\/{rel}","templated":true}]}}