{"id":151,"date":"2026-03-23T12:37:42","date_gmt":"2026-03-23T11:37:42","guid":{"rendered":"https:\/\/appoladvies.nl\/?page_id=151"},"modified":"2026-04-01T19:11:45","modified_gmt":"2026-04-01T17:11:45","slug":"over-ons","status":"publish","type":"page","link":"https:\/\/appoladvies.nl\/pl\/over-ons\/","title":{"rendered":"O nas"},"content":{"rendered":"<div id=\"gap-1989814570\" class=\"gap-element clearfix\" style=\"display:block; height:auto;\">\n\t\t\n<style>\n#gap-1989814570 {\n  padding-top: 45px;\n}\n@media (min-width:550px) {\n  #gap-1989814570 {\n    padding-top: 60px;\n  }\n}\n<\/style>\n\t<\/div>\n\t\n<div class=\"row\"  id=\"row-323291289\">\n\n\t<div id=\"col-765430156\" class=\"col medium-12 small-12 large-12\"  >\n\t\t\t\t<div class=\"col-inner\"  >\n\t\t\t\n\t\t\t\n\t<div id=\"text-1868072924\" class=\"text\">\n\t\t\n<h2> O nas\n <\/p>\n<\/h2>\n\t\t\n<style>\n#text-1868072924 {\n  font-size: 1.75rem;\n}\n@media (min-width:550px) {\n  #text-1868072924 {\n    font-size: 2rem;\n  }\n}\n@media (min-width:850px) {\n  #text-1868072924 {\n    font-size: 2.5rem;\n  }\n}\n<\/style>\n\t<\/div>\n\t\n\n<nav class=\"material-breadcrumb\"><a href=\"https:\/\/appoladvies.nl\/pl\/\" class=\"mb-item home-icon\">\n        <span class=\"material-icons\">home<\/span>\n    <\/a><span class=\"mb-sep\">\u203a<\/span><span class=\"mb-item current\">O nas<\/span><\/nav>\n\n\t<div id=\"gap-1165932545\" class=\"gap-element clearfix\" style=\"display:block; height:auto;\">\n\t\t\n<style>\n#gap-1165932545 {\n  padding-top: 30px;\n}\n<\/style>\n\t<\/div>\n\t\n<div class=\"row\"  id=\"row-702538522\">\n\n\t<div id=\"col-1384667631\" class=\"col medium-8 small-12 large-8\"  >\n\t\t\t\t<div class=\"col-inner\"  >\n\t\t\t\n\t\t\t\n<p>Appol Advies to nowoczesne i profesjonalne biuro specjalizuj\u0105ce si\u0119 w ksi\u0119gowo\u015bci oraz doradztwie biznesowym. Oferujemy rzetelne wsparcie w zakresie administracji, finans\u00f3w oraz doradztwa strategicznego. Niezale\u017cnie od tego, czy dopiero rozpoczynasz dzia\u0142alno\u015b\u0107, czy prowadzisz rozwijaj\u0105c\u0105 si\u0119 firm\u0119, my\u015blimy razem z Tob\u0105 i zapewniamy rozwi\u0105zania dopasowane do Twojej sytuacji.<\/p>\n<p>Naszym celem jest rozw\u00f3j i wzmocnienie Twojej firmy. Dzi\u0119ki jasnym analizom, praktycznym rozwi\u0105zaniom i indywidualnemu wsparciu pomagamy podejmowa\u0107 lepsze decyzje i podnosi\u0107 poziom dzia\u0142alno\u015bci.<\/p>\n<p>Przejmujemy obowi\u0105zki zwi\u0105zane z administracj\u0105 i procesami finansowymi, aby\u015b m\u00f3g\u0142 w pe\u0142ni skupi\u0107 si\u0119 na swoim biznesie. Z Appol Advies masz zaanga\u017cowanego partnera, kt\u00f3ry my\u015bli razem z Tob\u0105 i wspiera Ci\u0119 na ka\u017cdym etapie.<\/p>\n\t\t<\/div>\n\t\t\t\t\t<\/div>\n\n\t\n\n\t<div id=\"col-1319554574\" class=\"col medium-4 small-12 large-4\"  >\n\t\t\t\t<div class=\"col-inner text-center\" style=\"background-color:#f3eaea;\" >\n\t\t\t\n\t\t\t\n\t<div class=\"img has-hover x md-x lg-x y md-y lg-y\" id=\"image_1005989431\">\n\t\t\t\t\t\t\t\t<div class=\"img-inner dark\" >\n\t\t\t<img loading=\"lazy\" decoding=\"async\" width=\"354\" height=\"215\" src=\"https:\/\/appoladvies.nl\/wp-content\/uploads\/2026\/03\/logo_v01.png\" class=\"attachment-original size-original\" alt=\"\" srcset=\"https:\/\/appoladvies.nl\/wp-content\/uploads\/2026\/03\/logo_v01.png 354w, https:\/\/appoladvies.nl\/wp-content\/uploads\/2026\/03\/logo_v01-300x182.png 300w\" sizes=\"auto, (max-width: 354px) 100vw, 354px\" \/>\t\t\t\t\t\t\n\t\t\t\t\t<\/div>\n\t\t\t\t\t\t\t\t\n<style>\n#image_1005989431 {\n  width: 40%;\n}\n@media (min-width:550px) {\n  #image_1005989431 {\n    width: 88%;\n  }\n}\n<\/style>\n\t<\/div>\n\t\n\t\t<\/div>\n\t\t\t\t\n<style>\n#col-1319554574 > .col-inner {\n  padding: 41px 35px 35px 35px;\n  border-radius: 24px;\n}\n<\/style>\n\t<\/div>\n\n\t\n<\/div>\n<div class=\"row row-collapse\"  id=\"row-1396000995\">\n\n\n\t<div id=\"col-2068441751\" class=\"col small-12 large-12\"  >\n\t\t\t\t<div class=\"col-inner\"  >\n\t\t\t\n\t\t\t\n\n\n\n<div class=\"wbt-wrapper\">\r\n    <div class=\"wbt-divider\">\r\n        <div class=\"wbt-divider-line\"><\/div>\r\n        <div class=\"wbt-divider-dot\">\u25cf<\/div>\r\n        <div class=\"wbt-divider-line\"><\/div>\r\n    <\/div>\r\n<\/div>\n\n\n\t\t<\/div>\n\t\t\t\t\n<style>\n#col-2068441751 > .col-inner {\n  padding: 0px 15px 0px 15px;\n}\n@media (min-width:550px) {\n  #col-2068441751 > .col-inner {\n    padding: 0px 15px 0px 15px;\n  }\n}\n@media (min-width:850px) {\n  #col-2068441751 > .col-inner {\n    padding: 0px 15px 0px 15px;\n  }\n}\n<\/style>\n\t<\/div>\n\n\t\n\n<\/div>\n\t\t<\/div>\n\t\t\t\t\n<style>\n#col-765430156 > .col-inner {\n  padding: 0px 0px 0px 0px;\n}\n<\/style>\n\t<\/div>\n\n\t\n<\/div>\n<div class=\"row row-collapse\"  id=\"row-1770574536\">\n\n\t<div id=\"col-1880620176\" class=\"col small-12 large-12\"  >\n\t\t\t\t<div class=\"col-inner\"  >\n\t\t\t\n\t\t\t\n\t<div id=\"text-2207186739\" class=\"text\">\n\t\t\n<h2>To, za czym stoimy<\/h2>\n<p>To zasady, kt\u00f3re kszta\u0142tuj\u0105 nasz\u0105 prac\u0119 i Twoje rezultaty.<\/p>\n\t\t\n<style>\n#text-2207186739 {\n  text-align: center;\n}\n<\/style>\n\t<\/div>\n\t\n\t\t<\/div>\n\t\t\t\t\n<style>\n#col-1880620176 > .col-inner {\n  padding: 0px 15px 0px 15px;\n}\n@media (min-width:550px) {\n  #col-1880620176 > .col-inner {\n    padding: 0px 0px 0px 0px;\n  }\n}\n<\/style>\n\t<\/div>\n\n\t\n<\/div>\n<div class=\"row align-middle\"  id=\"row-1729421864\">\n\n\t<div id=\"col-369065310\" class=\"col medium-6 small-12 large-6\"  data-animate=\"fadeInUp\">\n\t\t\t\t<div class=\"col-inner text-center\"  >\n\t\t\t\n\t\t\t\n\n  <div class=\"banner has-hover cust-radius klik-bnr\" id=\"banner-1449560779\">\n          <div class=\"banner-inner fill\">\n        <div class=\"banner-bg fill\" >\n                                    <div class=\"overlay\"><\/div>            \n                    <\/div>\n\t\t\n        <div class=\"banner-layers container\">\n            <div class=\"fill banner-link\"><\/div>            \n   <div id=\"text-box-1285944947\" class=\"text-box banner-layer x50 md-x50 lg-x50 y50 md-y50 lg-y50 res-text\">\n                                <div class=\"text-box-content text dark\">\n              \n              <div class=\"text-inner text-center\">\n                  \n              <\/div>\n           <\/div>\n                            \n<style>\n#text-box-1285944947 {\n  width: 60%;\n}\n#text-box-1285944947 .text-box-content {\n  font-size: 120%;\n}\n@media (min-width:550px) {\n  #text-box-1285944947 {\n    width: 60%;\n  }\n  #text-box-1285944947 .text-box-content {\n    font-size: 200%;\n  }\n}\n<\/style>\n    <\/div>\n \n        <\/div>\n      <\/div>\n\n            \n<style>\n#banner-1449560779 {\n  padding-top: 35%;\n  background-color: rgba(255, 255, 255, 0);\n}\n#banner-1449560779 .overlay {\n  background-color: rgba(0, 0, 0, 0.064);\n}\n#banner-1449560779 .banner-bg img {\n  object-position: 54% 70%;\n}\n@media (min-width:550px) {\n  #banner-1449560779 {\n    padding-top: 25%;\n  }\n}\n<\/style>\n  <\/div>\n\n\n\t<div id=\"gap-524733395\" class=\"gap-element clearfix\" style=\"display:block; height:auto;\">\n\t\t\n<style>\n#gap-524733395 {\n  padding-top: 30px;\n}\n<\/style>\n\t<\/div>\n\t\n<h3>Rzetelno\u015b\u0107<\/h3>\n\t<div id=\"text-2880656139\" class=\"text link-u\">\n\t\t\n<p>Umowa to umowa. Dbamy o to, aby wszystko by\u0142o za\u0142atwione poprawnie i na czas, dzi\u0119ki czemu nie spotkaj\u0105 Ci\u0119 \u017cadne niespodzianki.<\/p>\n\t\t\t<\/div>\n\t\n\t\t<\/div>\n\t\t\t\t\t<\/div>\n\n\t\n\n\t<div id=\"col-901327164\" class=\"col medium-6 small-12 large-6\"  data-animate=\"fadeInUp\">\n\t\t\t\t<div class=\"col-inner text-center\"  >\n\t\t\t\n\t\t\t\n\n  <div class=\"banner has-hover cust-radius klik-bnr\" id=\"banner-845220791\">\n          <div class=\"banner-inner fill\">\n        <div class=\"banner-bg fill\" >\n                                    <div class=\"overlay\"><\/div>            \n                    <\/div>\n\t\t\n        <div class=\"banner-layers container\">\n            <div class=\"fill banner-link\"><\/div>            \n   <div id=\"text-box-46009906\" class=\"text-box banner-layer x50 md-x50 lg-x50 y50 md-y50 lg-y50 res-text\">\n                                <div class=\"text-box-content text dark\">\n              \n              <div class=\"text-inner text-center\">\n                  \n              <\/div>\n           <\/div>\n                            \n<style>\n#text-box-46009906 {\n  width: 60%;\n}\n#text-box-46009906 .text-box-content {\n  font-size: 120%;\n}\n@media (min-width:550px) {\n  #text-box-46009906 {\n    width: 60%;\n  }\n  #text-box-46009906 .text-box-content {\n    font-size: 200%;\n  }\n}\n<\/style>\n    <\/div>\n \n        <\/div>\n      <\/div>\n\n            \n<style>\n#banner-845220791 {\n  padding-top: 35%;\n  background-color: rgba(255, 255, 255, 0);\n}\n#banner-845220791 .overlay {\n  background-color: rgba(0, 0, 0, 0.064);\n}\n#banner-845220791 .banner-bg img {\n  object-position: 46% 29%;\n}\n@media (min-width:550px) {\n  #banner-845220791 {\n    padding-top: 25%;\n  }\n}\n<\/style>\n  <\/div>\n\n\n\t<div id=\"gap-1623736686\" class=\"gap-element clearfix\" style=\"display:block; height:auto;\">\n\t\t\n<style>\n#gap-1623736686 {\n  padding-top: 30px;\n}\n<\/style>\n\t<\/div>\n\t\n<h3>Transparentno\u015b\u0107<\/h3>\n\t<div id=\"text-480683615\" class=\"text link-u\">\n\t\t\n<p>Bez niejasno\u015bci i niespodzianek. Dzia\u0142amy przejrzy\u015bcie, z jasno okre\u015blonymi zasadami i wszystko wyja\u015bniamy w zrozumia\u0142y spos\u00f3b.<\/p>\n\t\t\t<\/div>\n\t\n\t\t<\/div>\n\t\t\t\t\t<\/div>\n\n\t\n<\/div>\n\t<div id=\"gap-1404167310\" class=\"gap-element clearfix\" style=\"display:block; height:auto;\">\n\t\t\n<style>\n#gap-1404167310 {\n  padding-top: 80px;\n}\n<\/style>\n\t<\/div>\n\t\n\n\t<section class=\"section\" id=\"section_239038776\">\n\t\t<div class=\"section-bg fill\" >\n\t\t\t\t\t\t\t\t\t\n\t\t\t\n\n\t\t<\/div>\n\n\t\t\n\n\t\t<div class=\"section-content relative\">\n\t\t\t\r\n\r\n<div class=\"row\"  id=\"row-1178249420\">\r\n\r\n\n\t<div id=\"col-1025897651\" class=\"col medium-12 small-12 large-12\"  >\n\t\t\t\t<div class=\"col-inner\"  >\n\t\t\t\n\t\t\t\r\n\r\n\t<div id=\"text-1966290195\" class=\"text\">\n\t\t\r\n\r\n<h2>Najcz\u0119\u015bciej zadawane pytania<\/h2>\r\n\t\t\n<style>\n#text-1966290195 {\n  text-align: left;\n}\n<\/style>\n\t<\/div>\n\t\r\n<p>Masz pytania? To zrozumia\u0142e. Poni\u017cej znajdziesz odpowiedzi na najcz\u0119\u015bciej zadawane pytania dotycz\u0105ce naszej pomocy przy administracji i formularzach. Nie ma tu Twojego pytania? Skontaktuj si\u0119 z nami \u2013 ch\u0119tnie pomo\u017cemy.<\/p>\r\n\r\n\t\t<\/div>\n\t\t\t\t\t<\/div>\n\n\t\r\n\n\t<div id=\"col-736508413\" class=\"col acc-css medium-12 small-12 large-7\"  >\n\t\t\t\t<div class=\"col-inner\"  >\n\t\t\t\n\t\t\t\r\n\r\n<div class=\"accordion\">\r\n\r\n\t<div id=\"accordion-2292676611\" class=\"accordion-item\">\n\t\t<a id=\"accordion-2292676611-label\" class=\"accordion-title plain active\" href=\"#accordion-item-wat-doet-appol-precies?\" aria-expanded=\"true\" aria-controls=\"accordion-2292676611-content\">\n\t\t\t<button class=\"toggle\" aria-label=\"Prze\u0142\u0105cznik\"><i class=\"icon-angle-down\" aria-hidden=\"true\"><\/i><\/button>\n\t\t\t<span>Czym dok\u0142adnie zajmuje si\u0119 Appol?<\/span>\n\t\t<\/a>\n\t\t<div id=\"accordion-2292676611-content\" class=\"accordion-inner\" style=\"display: block;\" aria-labelledby=\"accordion-2292676611-label\">\n\t\t\t\r\n\r\n<p>Appol pomaga osobom prywatnym w Holandii w sprawach administracyjnych, formularzach oraz wnioskach do instytucji takich jak urz\u0105d skarbowy, gmina czy SVB. Dbamy o to, aby wszystko by\u0142o za\u0142atwione poprawnie i szybko, dzi\u0119ki czemu nie musisz si\u0119 martwi\u0107.<\/p>\r\n\r\n\t\t<\/div>\n\t<\/div>\n\t\r\n\t<div id=\"accordion-2496819423\" class=\"accordion-item\">\n\t\t<a id=\"accordion-2496819423-label\" class=\"accordion-title plain\" href=\"#accordion-item-waarom-kiezen-voor-appol-in-plaats-van-alles-zelf-doen?\" aria-expanded=\"false\" aria-controls=\"accordion-2496819423-content\">\n\t\t\t<button class=\"toggle\" aria-label=\"Prze\u0142\u0105cznik\"><i class=\"icon-angle-down\" aria-hidden=\"true\"><\/i><\/button>\n\t\t\t<span>Dlaczego warto wybra\u0107 Appol zamiast zajmowa\u0107 si\u0119 wszystkim samodzielnie?<\/span>\n\t\t<\/a>\n\t\t<div id=\"accordion-2496819423-content\" class=\"accordion-inner\" aria-labelledby=\"accordion-2496819423-label\">\n\t\t\t\r\n\r\n<p>Z Appol oszcz\u0119dzasz czas i unikasz b\u0142\u0119d\u00f3w, kt\u00f3re mog\u0105 kosztowa\u0107 pieni\u0105dze. Nasi specjali\u015bci znaj\u0105 wszystkie przepisy i dbaj\u0105 o to, aby Twoje wnioski by\u0142y sk\u0142adane poprawnie ju\u017c za pierwszym razem, z jak najwi\u0119ksz\u0105 szans\u0105 na pozytywn\u0105 decyzj\u0119.<\/p>\r\n\r\n\t\t<\/div>\n\t<\/div>\n\t\r\n\t<div id=\"accordion-2506776257\" class=\"accordion-item\">\n\t\t<a id=\"accordion-2506776257-label\" class=\"accordion-title plain\" href=\"#accordion-item-hoe-kan-ik-starten-met-appol?\" aria-expanded=\"false\" aria-controls=\"accordion-2506776257-content\">\n\t\t\t<button class=\"toggle\" aria-label=\"Prze\u0142\u0105cznik\"><i class=\"icon-angle-down\" aria-hidden=\"true\"><\/i><\/button>\n\t\t\t<span>Jak mog\u0119 rozpocz\u0105\u0107 wsp\u00f3\u0142prac\u0119 z Appol?<\/span>\n\t\t<\/a>\n\t\t<div id=\"accordion-2506776257-content\" class=\"accordion-inner\" aria-labelledby=\"accordion-2506776257-label\">\n\t\t\t\r\n\r\n<p>Mo\u017cesz \u0142atwo rozpocz\u0105\u0107, kontaktuj\u0105c si\u0119 z nami w celu bezp\u0142atnej konsultacji. Om\u00f3wimy Twoj\u0105 sytuacj\u0119, doradzimy najlepsze rozwi\u0105zanie, a nast\u0119pnie zajmiemy si\u0119 wszystkim od A do Z.<\/p>\r\n\r\n\t\t<\/div>\n\t<\/div>\n\t\r\n\r\n<\/div>\r\n\t<div id=\"stack-749897184\" class=\"stack stack-row justify-end items-end\">\n\t\t\r\n\r\n<a href=\"\/pl\/veelgestelde-vragen\/\" class=\"button primary is-link is-smaller lowercase\" >\n\t\t<span>Masz wi\u0119cej pyta\u0144? Sprawd\u017a stron\u0119 FAQ.<\/span>\n\t<i class=\"icon-expand\" aria-hidden=\"true\"><\/i><\/a>\n\r\n\r\n\r\n\t\t\n<style>\n#stack-749897184 > * {\n  --stack-gap: 0rem;\n}\n<\/style>\n\t<\/div>\n\t\r\n\r\n\t\t<\/div>\n\t\t\t\t\t<\/div>\n\n\t\r\n\n\t<div id=\"col-481086640\" class=\"col medium-6 small-12 large-5\"  >\n\t\t\t\t<div class=\"col-inner\"  >\n\t\t\t\n\t\t\t\r\n\r\n\t<div id=\"text-1338591202\" class=\"text\">\n\t\t\r\n\r\n<h3>Um\u00f3w si\u0119 na bezp\u0142atne spotkanie wst\u0119pne<\/h3>\r\n<p><span style=\"font-size: 85%;\">Odpowiadamy w ci\u0105gu 24 godzin. Rozmowa trwa oko\u0142o 15 minut.<\/span><\/p>\r\n\t\t\n<style>\n#text-1338591202 {\n  line-height: 1.05;\n}\n<\/style>\n\t<\/div>\n\t\r\n<a href=\"tel:+317136453461\" class=\"button secondary wbt-hvr\" >\n\t<i class=\"icon-phone\" aria-hidden=\"true\"><\/i>\t<span>+31 (0) 713 645 346<\/span>\n\t<\/a>\n\r\n\r\n\r\n\t\t<\/div>\n\t\t\t\t\n<style>\n#col-481086640 > .col-inner {\n  padding: 0px 0px 0px 0px;\n}\n<\/style>\n\t<\/div>\n\n\t\r\n\r\n<\/div>\r\n\r\n\t\t<\/div>\n\n\t\t\n<style>\n#section_239038776 {\n  padding-top: 45px;\n  padding-bottom: 45px;\n}\n@media (min-width:550px) {\n  #section_239038776 {\n    padding-top: 60px;\n    padding-bottom: 60px;\n  }\n}\n<\/style>\n\t<\/section>","protected":false},"excerpt":{"rendered":"","protected":false},"author":2,"featured_media":0,"parent":0,"menu_order":0,"comment_status":"closed","ping_status":"closed","template":"page-blank.php","meta":{"footnotes":""},"class_list":["post-151","page","type-page","status-publish","hentry"],"yoast_head":"<!-- This site is optimized with the Yoast SEO plugin v27.4 - https:\/\/yoast.com\/product\/yoast-seo-wordpress\/ -->\n<title>Over AppolAdvies team en expertise Nederland<\/title>\n<meta name=\"description\" content=\"Een betrokken en helpend team voor administratie en advies in Nederland, met persoonlijke ondersteuning voor Poolse ondernemers en klanten.\" \/>\n<meta name=\"robots\" content=\"index, follow, max-snippet:-1, max-image-preview:large, max-video-preview:-1\" \/>\n<link rel=\"canonical\" href=\"https:\/\/appoladvies.nl\/pl\/over-ons\/\" \/>\n<meta property=\"og:locale\" content=\"pl_PL\" \/>\n<meta property=\"og:type\" content=\"article\" \/>\n<meta property=\"og:title\" content=\"Over AppolAdvies team en expertise Nederland\" \/>\n<meta property=\"og:description\" content=\"Een betrokken en helpend team voor administratie en advies in Nederland, met persoonlijke ondersteuning voor Poolse ondernemers en klanten.\" \/>\n<meta property=\"og:url\" content=\"https:\/\/appoladvies.nl\/pl\/over-ons\/\" \/>\n<meta property=\"og:site_name\" content=\"Appoladvies.nl\" \/>\n<meta property=\"article:modified_time\" content=\"2026-04-01T17:11:45+00:00\" \/>\n<meta property=\"og:image\" content=\"https:\/\/appoladvies.nl\/wp-content\/uploads\/2026\/03\/appol_advies_img_004.jpeg\" \/>\n\t<meta property=\"og:image:width\" content=\"1200\" \/>\n\t<meta property=\"og:image:height\" content=\"800\" \/>\n\t<meta property=\"og:image:type\" content=\"image\/jpeg\" \/>\n<script type=\"application\/ld+json\" class=\"yoast-schema-graph\">{\"@context\":\"https:\\\/\\\/schema.org\",\"@graph\":[{\"@type\":\"WebPage\",\"@id\":\"https:\\\/\\\/appoladvies.nl\\\/over-ons\\\/\",\"url\":\"https:\\\/\\\/appoladvies.nl\\\/over-ons\\\/\",\"name\":\"Over AppolAdvies team en expertise Nederland\",\"isPartOf\":{\"@id\":\"https:\\\/\\\/appoladvies.nl\\\/#website\"},\"datePublished\":\"2026-03-23T11:37:42+00:00\",\"dateModified\":\"2026-04-01T17:11:45+00:00\",\"description\":\"Een betrokken en helpend team voor administratie en advies in Nederland, met persoonlijke ondersteuning voor Poolse ondernemers en klanten.\",\"breadcrumb\":{\"@id\":\"https:\\\/\\\/appoladvies.nl\\\/over-ons\\\/#breadcrumb\"},\"inLanguage\":\"pl-PL\",\"potentialAction\":[{\"@type\":\"ReadAction\",\"target\":[\"https:\\\/\\\/appoladvies.nl\\\/over-ons\\\/\"]}]},{\"@type\":\"BreadcrumbList\",\"@id\":\"https:\\\/\\\/appoladvies.nl\\\/over-ons\\\/#breadcrumb\",\"itemListElement\":[{\"@type\":\"ListItem\",\"position\":1,\"name\":\"Home\",\"item\":\"https:\\\/\\\/appoladvies.nl\\\/\"},{\"@type\":\"ListItem\",\"position\":2,\"name\":\"Over ons\"}]},{\"@type\":\"WebSite\",\"@id\":\"https:\\\/\\\/appoladvies.nl\\\/#website\",\"url\":\"https:\\\/\\\/appoladvies.nl\\\/\",\"name\":\"Appoladvies.nl\",\"description\":\"Administratiekantoor in Nederland voor Poolse ondernemers\",\"publisher\":{\"@id\":\"https:\\\/\\\/appoladvies.nl\\\/#organization\"},\"potentialAction\":[{\"@type\":\"SearchAction\",\"target\":{\"@type\":\"EntryPoint\",\"urlTemplate\":\"https:\\\/\\\/appoladvies.nl\\\/?s={search_term_string}\"},\"query-input\":{\"@type\":\"PropertyValueSpecification\",\"valueRequired\":true,\"valueName\":\"search_term_string\"}}],\"inLanguage\":\"pl-PL\"},{\"@type\":\"Organization\",\"@id\":\"https:\\\/\\\/appoladvies.nl\\\/#organization\",\"name\":\"Appoladvies.nl\",\"url\":\"https:\\\/\\\/appoladvies.nl\\\/\",\"logo\":{\"@type\":\"ImageObject\",\"inLanguage\":\"pl-PL\",\"@id\":\"https:\\\/\\\/appoladvies.nl\\\/#\\\/schema\\\/logo\\\/image\\\/\",\"url\":\"https:\\\/\\\/appoladvies.nl\\\/wp-content\\\/uploads\\\/2026\\\/03\\\/LOGO.png\",\"contentUrl\":\"https:\\\/\\\/appoladvies.nl\\\/wp-content\\\/uploads\\\/2026\\\/03\\\/LOGO.png\",\"width\":500,\"height\":500,\"caption\":\"Appoladvies.nl\"},\"image\":{\"@id\":\"https:\\\/\\\/appoladvies.nl\\\/#\\\/schema\\\/logo\\\/image\\\/\"}}]}<\/script>\n<!-- \/ Yoast SEO plugin. -->","yoast_head_json":{"title":"Over AppolAdvies team en expertise Nederland","description":"Een betrokken en helpend team voor administratie en advies in Nederland, met persoonlijke ondersteuning voor Poolse ondernemers en klanten.","robots":{"index":"index","follow":"follow","max-snippet":"max-snippet:-1","max-image-preview":"max-image-preview:large","max-video-preview":"max-video-preview:-1"},"canonical":"https:\/\/appoladvies.nl\/pl\/over-ons\/","og_locale":"pl_PL","og_type":"article","og_title":"Over AppolAdvies team en expertise Nederland","og_description":"Een betrokken en helpend team voor administratie en advies in Nederland, met persoonlijke ondersteuning voor Poolse ondernemers en klanten.","og_url":"https:\/\/appoladvies.nl\/pl\/over-ons\/","og_site_name":"Appoladvies.nl","article_modified_time":"2026-04-01T17:11:45+00:00","og_image":[{"width":1200,"height":800,"url":"https:\/\/appoladvies.nl\/wp-content\/uploads\/2026\/03\/appol_advies_img_004.jpeg","type":"image\/jpeg"}],"schema":{"@context":"https:\/\/schema.org","@graph":[{"@type":"WebPage","@id":"https:\/\/appoladvies.nl\/over-ons\/","url":"https:\/\/appoladvies.nl\/over-ons\/","name":"Over AppolAdvies team en expertise Nederland","isPartOf":{"@id":"https:\/\/appoladvies.nl\/#website"},"datePublished":"2026-03-23T11:37:42+00:00","dateModified":"2026-04-01T17:11:45+00:00","description":"Een betrokken en helpend team voor administratie en advies in Nederland, met persoonlijke ondersteuning voor Poolse ondernemers en klanten.","breadcrumb":{"@id":"https:\/\/appoladvies.nl\/over-ons\/#breadcrumb"},"inLanguage":"pl-PL","potentialAction":[{"@type":"ReadAction","target":["https:\/\/appoladvies.nl\/over-ons\/"]}]},{"@type":"BreadcrumbList","@id":"https:\/\/appoladvies.nl\/over-ons\/#breadcrumb","itemListElement":[{"@type":"ListItem","position":1,"name":"Home","item":"https:\/\/appoladvies.nl\/"},{"@type":"ListItem","position":2,"name":"Over ons"}]},{"@type":"WebSite","@id":"https:\/\/appoladvies.nl\/#website","url":"https:\/\/appoladvies.nl\/","name":"Appoladvies.nl","description":"Administratiekantoor in Nederland voor Poolse ondernemers","publisher":{"@id":"https:\/\/appoladvies.nl\/#organization"},"potentialAction":[{"@type":"SearchAction","target":{"@type":"EntryPoint","urlTemplate":"https:\/\/appoladvies.nl\/?s={search_term_string}"},"query-input":{"@type":"PropertyValueSpecification","valueRequired":true,"valueName":"search_term_string"}}],"inLanguage":"pl-PL"},{"@type":"Organization","@id":"https:\/\/appoladvies.nl\/#organization","name":"Appoladvies.nl","url":"https:\/\/appoladvies.nl\/","logo":{"@type":"ImageObject","inLanguage":"pl-PL","@id":"https:\/\/appoladvies.nl\/#\/schema\/logo\/image\/","url":"https:\/\/appoladvies.nl\/wp-content\/uploads\/2026\/03\/LOGO.png","contentUrl":"https:\/\/appoladvies.nl\/wp-content\/uploads\/2026\/03\/LOGO.png","width":500,"height":500,"caption":"Appoladvies.nl"},"image":{"@id":"https:\/\/appoladvies.nl\/#\/schema\/logo\/image\/"}}]}},"_links":{"self":[{"href":"https:\/\/appoladvies.nl\/pl\/wp-json\/wp\/v2\/pages\/151","targetHints":{"allow":["GET"]}}],"collection":[{"href":"https:\/\/appoladvies.nl\/pl\/wp-json\/wp\/v2\/pages"}],"about":[{"href":"https:\/\/appoladvies.nl\/pl\/wp-json\/wp\/v2\/types\/page"}],"author":[{"embeddable":true,"href":"https:\/\/appoladvies.nl\/pl\/wp-json\/wp\/v2\/users\/2"}],"replies":[{"embeddable":true,"href":"https:\/\/appoladvies.nl\/pl\/wp-json\/wp\/v2\/comments?post=151"}],"version-history":[{"count":2,"href":"https:\/\/appoladvies.nl\/pl\/wp-json\/wp\/v2\/pages\/151\/revisions"}],"predecessor-version":[{"id":688,"href":"https:\/\/appoladvies.nl\/pl\/wp-json\/wp\/v2\/pages\/151\/revisions\/688"}],"wp:attachment":[{"href":"https:\/\/appoladvies.nl\/pl\/wp-json\/wp\/v2\/media?parent=151"}],"curies":[{"name":"wp","href":"https:\/\/api.w.org\/{rel}","templated":true}]}}